{"id":6810,"date":"2022-07-04T16:29:03","date_gmt":"2022-07-04T16:29:03","guid":{"rendered":"https:\/\/simoffice.pt\/index.php\/product\/borracha-branca-milan-61x21x11\/"},"modified":"2022-07-04T16:29:10","modified_gmt":"2022-07-04T16:29:10","slug":"borracha-branca-milan-61x21x11","status":"publish","type":"product","link":"https:\/\/simoffice.pt\/index.php\/product\/borracha-branca-milan-61x21x11\/","title":{"rendered":"Borracha Branca Milan 61x21x11"},"content":{"rendered":"<p>Borracha Nata Branca Milan 6,1&#215;2,1&#215;1,1cm<br \/>\nBorracha branca de pl\u00e1stico mole, vers\u00e1til, n\u00e3o abrasiva.Para apagar tra\u00e7os de l\u00e1pis de qualquer superf\u00edcie. N\u00e3o danifica o papel.<\/p>\n","protected":false},"excerpt":{"rendered":"<p>Borracha Nata Branca Milan 6,1&#215;2,1&#215;1,1cm Borracha branca de pl\u00e1stico mole, vers\u00e1til, n\u00e3o abrasiva.Para apagar tra\u00e7os de l\u00e1pis de qualquer superf\u00edcie. N\u00e3o danifica o papel.<\/p>\n","protected":false},"featured_media":6811,"template":"","meta":[],"product_cat":[74],"product_tag":[],"_links":{"self":[{"href":"https:\/\/simoffice.pt\/index.php\/wp-json\/wp\/v2\/product\/6810"}],"collection":[{"href":"https:\/\/simoffice.pt\/index.php\/wp-json\/wp\/v2\/product"}],"about":[{"href":"https:\/\/simoffice.pt\/index.php\/wp-json\/wp\/v2\/types\/product"}],"wp:featuredmedia":[{"embeddable":true,"href":"https:\/\/simoffice.pt\/index.php\/wp-json\/wp\/v2\/media\/6811"}],"wp:attachment":[{"href":"https:\/\/simoffice.pt\/index.php\/wp-json\/wp\/v2\/media?parent=6810"}],"wp:term":[{"taxonomy":"product_cat","embeddable":true,"href":"https:\/\/simoffice.pt\/index.php\/wp-json\/wp\/v2\/product_cat?post=6810"},{"taxonomy":"product_tag","embeddable":true,"href":"https:\/\/simoffice.pt\/index.php\/wp-json\/wp\/v2\/product_tag?post=6810"}],"curies":[{"name":"wp","href":"https:\/\/api.w.org\/{rel}","templated":true}]}}