{"id":6794,"date":"2022-07-04T16:28:16","date_gmt":"2022-07-04T16:28:16","guid":{"rendered":"https:\/\/simoffice.pt\/index.php\/product\/brother-impressora-etiquetas-ql-700\/"},"modified":"2022-07-04T16:28:22","modified_gmt":"2022-07-04T16:28:22","slug":"brother-impressora-etiquetas-ql-700","status":"publish","type":"product","link":"https:\/\/simoffice.pt\/index.php\/product\/brother-impressora-etiquetas-ql-700\/","title":{"rendered":"Brother impressora etiquetas QL-700"},"content":{"rendered":"<p>Impressora de etiquetas profissional com fun\u00e7\u00e3o Conectar e Etiquetar. Etiquetas de\/at\u00e9 62mm. de largura e 1m. de comprimento. Corte de fita autom\u00e1tico (longa dura\u00e7\u00e3o). Velocidade de impress\u00e3o at\u00e9 93 etiquetas\/min. Resolu\u00e7\u00e3o de 300x600ppp. Liga\u00e7\u00e3o USB. Inclui 1 rolo DK-22205 (62mm x 8m ) e 1 rolo DK-11201 (29x90mm, 100 etiquetas). Sistemas operativos compat\u00edveis: Windows 2000 \/ XP \/ Vista e 7. Mac desde OS X 10.3.9 at\u00e9 10.7in<\/p>\n","protected":false},"excerpt":{"rendered":"<p>Impressora de etiquetas profissional com fun\u00e7\u00e3o Conectar e Etiquetar. Etiquetas de\/at\u00e9 62mm. de largura e 1m. de comprimento. Corte de fita autom\u00e1tico (longa dura\u00e7\u00e3o). Velocidade de impress\u00e3o at\u00e9 93 etiquetas\/min. Resolu\u00e7\u00e3o de 300x600ppp. Liga\u00e7\u00e3o USB. Inclui 1 rolo DK-22205 (62mm x 8m ) e 1 rolo DK-11201 (29x90mm, 100 etiquetas). Sistemas operativos compat\u00edveis: Windows 2000 [&hellip;]<\/p>\n","protected":false},"featured_media":6795,"template":"","meta":[],"product_cat":[75],"product_tag":[],"_links":{"self":[{"href":"https:\/\/simoffice.pt\/index.php\/wp-json\/wp\/v2\/product\/6794"}],"collection":[{"href":"https:\/\/simoffice.pt\/index.php\/wp-json\/wp\/v2\/product"}],"about":[{"href":"https:\/\/simoffice.pt\/index.php\/wp-json\/wp\/v2\/types\/product"}],"wp:featuredmedia":[{"embeddable":true,"href":"https:\/\/simoffice.pt\/index.php\/wp-json\/wp\/v2\/media\/6795"}],"wp:attachment":[{"href":"https:\/\/simoffice.pt\/index.php\/wp-json\/wp\/v2\/media?parent=6794"}],"wp:term":[{"taxonomy":"product_cat","embeddable":true,"href":"https:\/\/simoffice.pt\/index.php\/wp-json\/wp\/v2\/product_cat?post=6794"},{"taxonomy":"product_tag","embeddable":true,"href":"https:\/\/simoffice.pt\/index.php\/wp-json\/wp\/v2\/product_tag?post=6794"}],"curies":[{"name":"wp","href":"https:\/\/api.w.org\/{rel}","templated":true}]}}