{"id":6763,"date":"2022-07-04T16:26:43","date_gmt":"2022-07-04T16:26:43","guid":{"rendered":"https:\/\/simoffice.pt\/index.php\/product\/logilink-adaptador-usb-rj45-ethernet-100-10-mbps-hub-3-p-usb\/"},"modified":"2022-07-04T16:26:48","modified_gmt":"2022-07-04T16:26:48","slug":"logilink-adaptador-usb-rj45-ethernet-100-10-mbps-hub-3-p-usb","status":"publish","type":"product","link":"https:\/\/simoffice.pt\/index.php\/product\/logilink-adaptador-usb-rj45-ethernet-100-10-mbps-hub-3-p-usb\/","title":{"rendered":"Logilink adaptador USB RJ45 Ethernet 100\/10 MBPS + HUB 3 P USB"},"content":{"rendered":"<p>Adaptador USB para LAN 10\/100Mbps &#8211; Logilink UA0025C<br \/>\nHUB 3 portas USB 2.0<br \/>\nTaxa de Transmiss\u00e3o at\u00e9 480Mbps<br \/>\nObedece ao Standard IEEE 802.3af<br \/>\nN\u00e3o necessita de alimenta\u00e7\u00e3o externa se a corrente total for inferior a 500 mA<\/p>\n","protected":false},"excerpt":{"rendered":"<p>Adaptador USB para LAN 10\/100Mbps &#8211; Logilink UA0025C HUB 3 portas USB 2.0 Taxa de Transmiss\u00e3o at\u00e9 480Mbps Obedece ao Standard IEEE 802.3af N\u00e3o necessita de alimenta\u00e7\u00e3o externa se a corrente total for inferior a 500 mA<\/p>\n","protected":false},"featured_media":6764,"template":"","meta":[],"product_cat":[75],"product_tag":[],"_links":{"self":[{"href":"https:\/\/simoffice.pt\/index.php\/wp-json\/wp\/v2\/product\/6763"}],"collection":[{"href":"https:\/\/simoffice.pt\/index.php\/wp-json\/wp\/v2\/product"}],"about":[{"href":"https:\/\/simoffice.pt\/index.php\/wp-json\/wp\/v2\/types\/product"}],"wp:featuredmedia":[{"embeddable":true,"href":"https:\/\/simoffice.pt\/index.php\/wp-json\/wp\/v2\/media\/6764"}],"wp:attachment":[{"href":"https:\/\/simoffice.pt\/index.php\/wp-json\/wp\/v2\/media?parent=6763"}],"wp:term":[{"taxonomy":"product_cat","embeddable":true,"href":"https:\/\/simoffice.pt\/index.php\/wp-json\/wp\/v2\/product_cat?post=6763"},{"taxonomy":"product_tag","embeddable":true,"href":"https:\/\/simoffice.pt\/index.php\/wp-json\/wp\/v2\/product_tag?post=6763"}],"curies":[{"name":"wp","href":"https:\/\/api.w.org\/{rel}","templated":true}]}}