{"id":6761,"date":"2022-07-04T16:26:35","date_gmt":"2022-07-04T16:26:35","guid":{"rendered":"https:\/\/simoffice.pt\/index.php\/product\/logilink-alicate-de-cravar-fichas-rj11-rj12-e-rj45-c-descarnador\/"},"modified":"2022-07-04T16:26:41","modified_gmt":"2022-07-04T16:26:41","slug":"logilink-alicate-de-cravar-fichas-rj11-rj12-e-rj45-c-descarnador","status":"publish","type":"product","link":"https:\/\/simoffice.pt\/index.php\/product\/logilink-alicate-de-cravar-fichas-rj11-rj12-e-rj45-c-descarnador\/","title":{"rendered":"Logilink Alicate de Cravar fichas RJ11, RJ12 E RJ45 C\/ Descarnador"},"content":{"rendered":"<p>Alicate de cravar, cortar e descarnador universal para cabos de rede ou telefone<br \/>\nFerramente dur\u00e1vel, ultra-leve e multi-usos<br \/>\nA sua estrutura em a\u00e7o permite uma f\u00e1cil e r\u00e1pida opera\u00e7\u00e3o, al\u00e9m da durabilidade e fiabilidade que oferece<br \/>\nApropriada para as fichas : 8P8C-RJ45, 6P6C-RJ12, 6P4C-RJ11, 4P4C, 4P2C, DEC e 8P8C-RJ45 blindadas<\/p>\n","protected":false},"excerpt":{"rendered":"<p>Alicate de cravar, cortar e descarnador universal para cabos de rede ou telefone Ferramente dur\u00e1vel, ultra-leve e multi-usos A sua estrutura em a\u00e7o permite uma f\u00e1cil e r\u00e1pida opera\u00e7\u00e3o, al\u00e9m da durabilidade e fiabilidade que oferece Apropriada para as fichas : 8P8C-RJ45, 6P6C-RJ12, 6P4C-RJ11, 4P4C, 4P2C, DEC e 8P8C-RJ45 blindadas<\/p>\n","protected":false},"featured_media":6762,"template":"","meta":[],"product_cat":[75],"product_tag":[],"_links":{"self":[{"href":"https:\/\/simoffice.pt\/index.php\/wp-json\/wp\/v2\/product\/6761"}],"collection":[{"href":"https:\/\/simoffice.pt\/index.php\/wp-json\/wp\/v2\/product"}],"about":[{"href":"https:\/\/simoffice.pt\/index.php\/wp-json\/wp\/v2\/types\/product"}],"wp:featuredmedia":[{"embeddable":true,"href":"https:\/\/simoffice.pt\/index.php\/wp-json\/wp\/v2\/media\/6762"}],"wp:attachment":[{"href":"https:\/\/simoffice.pt\/index.php\/wp-json\/wp\/v2\/media?parent=6761"}],"wp:term":[{"taxonomy":"product_cat","embeddable":true,"href":"https:\/\/simoffice.pt\/index.php\/wp-json\/wp\/v2\/product_cat?post=6761"},{"taxonomy":"product_tag","embeddable":true,"href":"https:\/\/simoffice.pt\/index.php\/wp-json\/wp\/v2\/product_tag?post=6761"}],"curies":[{"name":"wp","href":"https:\/\/api.w.org\/{rel}","templated":true}]}}