{"id":6750,"date":"2022-07-04T16:26:05","date_gmt":"2022-07-04T16:26:05","guid":{"rendered":"https:\/\/simoffice.pt\/index.php\/product\/mkplus-teclado-compact-wirelessrato\/"},"modified":"2022-07-04T16:26:11","modified_gmt":"2022-07-04T16:26:11","slug":"mkplus-teclado-compact-wirelessrato","status":"publish","type":"product","link":"https:\/\/simoffice.pt\/index.php\/product\/mkplus-teclado-compact-wirelessrato\/","title":{"rendered":"MKPlus Teclado Compact Wireless+Rato"},"content":{"rendered":"<p>KIT de Teclado e Rato MKPLUS TG5100WR, de design ultra compacto elegante e de baixo perfil. O teclado disp\u00f5e de 105 teclas com tecnologia de membrana de toque suave e sem esfor\u00e7o, e o rato, possui tecnologia \u00f3ptica, com 800dpi. Interface: Wireless 2,4GHz.<\/p>\n","protected":false},"excerpt":{"rendered":"<p>KIT de Teclado e Rato MKPLUS TG5100WR, de design ultra compacto elegante e de baixo perfil. O teclado disp\u00f5e de 105 teclas com tecnologia de membrana de toque suave e sem esfor\u00e7o, e o rato, possui tecnologia \u00f3ptica, com 800dpi. Interface: Wireless 2,4GHz.<\/p>\n","protected":false},"featured_media":6751,"template":"","meta":[],"product_cat":[75],"product_tag":[],"_links":{"self":[{"href":"https:\/\/simoffice.pt\/index.php\/wp-json\/wp\/v2\/product\/6750"}],"collection":[{"href":"https:\/\/simoffice.pt\/index.php\/wp-json\/wp\/v2\/product"}],"about":[{"href":"https:\/\/simoffice.pt\/index.php\/wp-json\/wp\/v2\/types\/product"}],"wp:featuredmedia":[{"embeddable":true,"href":"https:\/\/simoffice.pt\/index.php\/wp-json\/wp\/v2\/media\/6751"}],"wp:attachment":[{"href":"https:\/\/simoffice.pt\/index.php\/wp-json\/wp\/v2\/media?parent=6750"}],"wp:term":[{"taxonomy":"product_cat","embeddable":true,"href":"https:\/\/simoffice.pt\/index.php\/wp-json\/wp\/v2\/product_cat?post=6750"},{"taxonomy":"product_tag","embeddable":true,"href":"https:\/\/simoffice.pt\/index.php\/wp-json\/wp\/v2\/product_tag?post=6750"}],"curies":[{"name":"wp","href":"https:\/\/api.w.org\/{rel}","templated":true}]}}