{"id":6723,"date":"2022-07-04T16:24:43","date_gmt":"2022-07-04T16:24:43","guid":{"rendered":"https:\/\/simoffice.pt\/index.php\/product\/honeywell-scanner-pos-laser-ms-9520-com-suporte-usb-preto\/"},"modified":"2022-07-04T16:24:49","modified_gmt":"2022-07-04T16:24:49","slug":"honeywell-scanner-pos-laser-ms-9520-com-suporte-usb-preto","status":"publish","type":"product","link":"https:\/\/simoffice.pt\/index.php\/product\/honeywell-scanner-pos-laser-ms-9520-com-suporte-usb-preto\/","title":{"rendered":"Honeywell Scanner POS Laser MS-9520 com suporte USB preto"},"content":{"rendered":"<p>Gatilho electr\u00f3nico autom\u00e1tico com CodeGate; Port\u00e1til e fixo; Power Link, cabos substitu\u00edveis pelo utilizador; Suporte ajust\u00e1vel; Ativa\u00e7\u00e3o de curto e longo alcances; Compat\u00edvel MetrOPO; Interface USB<\/p>\n","protected":false},"excerpt":{"rendered":"<p>Gatilho electr\u00f3nico autom\u00e1tico com CodeGate; Port\u00e1til e fixo; Power Link, cabos substitu\u00edveis pelo utilizador; Suporte ajust\u00e1vel; Ativa\u00e7\u00e3o de curto e longo alcances; Compat\u00edvel MetrOPO; Interface USB<\/p>\n","protected":false},"featured_media":6724,"template":"","meta":[],"product_cat":[75],"product_tag":[],"_links":{"self":[{"href":"https:\/\/simoffice.pt\/index.php\/wp-json\/wp\/v2\/product\/6723"}],"collection":[{"href":"https:\/\/simoffice.pt\/index.php\/wp-json\/wp\/v2\/product"}],"about":[{"href":"https:\/\/simoffice.pt\/index.php\/wp-json\/wp\/v2\/types\/product"}],"wp:featuredmedia":[{"embeddable":true,"href":"https:\/\/simoffice.pt\/index.php\/wp-json\/wp\/v2\/media\/6724"}],"wp:attachment":[{"href":"https:\/\/simoffice.pt\/index.php\/wp-json\/wp\/v2\/media?parent=6723"}],"wp:term":[{"taxonomy":"product_cat","embeddable":true,"href":"https:\/\/simoffice.pt\/index.php\/wp-json\/wp\/v2\/product_cat?post=6723"},{"taxonomy":"product_tag","embeddable":true,"href":"https:\/\/simoffice.pt\/index.php\/wp-json\/wp\/v2\/product_tag?post=6723"}],"curies":[{"name":"wp","href":"https:\/\/api.w.org\/{rel}","templated":true}]}}