{"id":6702,"date":"2022-07-04T16:23:39","date_gmt":"2022-07-04T16:23:39","guid":{"rendered":"https:\/\/simoffice.pt\/index.php\/product\/cabo-vga-m-para-vfa-m-20mts-preto\/"},"modified":"2022-07-04T16:23:44","modified_gmt":"2022-07-04T16:23:44","slug":"cabo-vga-m-para-vfa-m-20mts-preto","status":"publish","type":"product","link":"https:\/\/simoffice.pt\/index.php\/product\/cabo-vga-m-para-vfa-m-20mts-preto\/","title":{"rendered":"Cabo VGA M para VFA M 20Mts preto"},"content":{"rendered":"<p>Cabo VGA 15 pinos macho 15 pinos macho 20 metros. Cabo com blindagem dupla. Para utlizar em liga\u00e7\u00f5es de um computador a um monitor, ou para fazer a liga\u00e7\u00e3o a um switch KVM.<\/p>\n","protected":false},"excerpt":{"rendered":"<p>Cabo VGA 15 pinos macho 15 pinos macho 20 metros. Cabo com blindagem dupla. Para utlizar em liga\u00e7\u00f5es de um computador a um monitor, ou para fazer a liga\u00e7\u00e3o a um switch KVM.<\/p>\n","protected":false},"featured_media":6703,"template":"","meta":[],"product_cat":[75],"product_tag":[],"_links":{"self":[{"href":"https:\/\/simoffice.pt\/index.php\/wp-json\/wp\/v2\/product\/6702"}],"collection":[{"href":"https:\/\/simoffice.pt\/index.php\/wp-json\/wp\/v2\/product"}],"about":[{"href":"https:\/\/simoffice.pt\/index.php\/wp-json\/wp\/v2\/types\/product"}],"wp:featuredmedia":[{"embeddable":true,"href":"https:\/\/simoffice.pt\/index.php\/wp-json\/wp\/v2\/media\/6703"}],"wp:attachment":[{"href":"https:\/\/simoffice.pt\/index.php\/wp-json\/wp\/v2\/media?parent=6702"}],"wp:term":[{"taxonomy":"product_cat","embeddable":true,"href":"https:\/\/simoffice.pt\/index.php\/wp-json\/wp\/v2\/product_cat?post=6702"},{"taxonomy":"product_tag","embeddable":true,"href":"https:\/\/simoffice.pt\/index.php\/wp-json\/wp\/v2\/product_tag?post=6702"}],"curies":[{"name":"wp","href":"https:\/\/api.w.org\/{rel}","templated":true}]}}