{"id":6701,"date":"2022-07-04T16:23:36","date_gmt":"2022-07-04T16:23:36","guid":{"rendered":"https:\/\/simoffice.pt\/index.php\/product\/cabo-splitter-vga-m-p-2x-vga-f-lig-gold\/"},"modified":"2022-07-04T16:23:36","modified_gmt":"2022-07-04T16:23:36","slug":"cabo-splitter-vga-m-p-2x-vga-f-lig-gold","status":"publish","type":"product","link":"https:\/\/simoffice.pt\/index.php\/product\/cabo-splitter-vga-m-p-2x-vga-f-lig-gold\/","title":{"rendered":"Cabo Splitter VGA M p\/2x VGA F, Lig Gold"},"content":{"rendered":"<p>Cabo Spliter 1 VGA Macho para 2 VGA F\u00eamea gold plate cor preto. Comprimento 0.15m. Cabo que permite a liga\u00e7\u00e3o de dois monitores VGA em simult\u00e2neo a um computador com cart\u00e3o VGA. Ambos os monitores mostram a mesma imagem.<\/p>\n","protected":false},"excerpt":{"rendered":"<p>Cabo Spliter 1 VGA Macho para 2 VGA F\u00eamea gold plate cor preto. Comprimento 0.15m. Cabo que permite a liga\u00e7\u00e3o de dois monitores VGA em simult\u00e2neo a um computador com cart\u00e3o VGA. Ambos os monitores mostram a mesma imagem.<\/p>\n","protected":false},"featured_media":0,"template":"","meta":[],"product_cat":[75],"product_tag":[],"_links":{"self":[{"href":"https:\/\/simoffice.pt\/index.php\/wp-json\/wp\/v2\/product\/6701"}],"collection":[{"href":"https:\/\/simoffice.pt\/index.php\/wp-json\/wp\/v2\/product"}],"about":[{"href":"https:\/\/simoffice.pt\/index.php\/wp-json\/wp\/v2\/types\/product"}],"wp:attachment":[{"href":"https:\/\/simoffice.pt\/index.php\/wp-json\/wp\/v2\/media?parent=6701"}],"wp:term":[{"taxonomy":"product_cat","embeddable":true,"href":"https:\/\/simoffice.pt\/index.php\/wp-json\/wp\/v2\/product_cat?post=6701"},{"taxonomy":"product_tag","embeddable":true,"href":"https:\/\/simoffice.pt\/index.php\/wp-json\/wp\/v2\/product_tag?post=6701"}],"curies":[{"name":"wp","href":"https:\/\/api.w.org\/{rel}","templated":true}]}}