{"id":6697,"date":"2022-07-04T16:23:24","date_gmt":"2022-07-04T16:23:24","guid":{"rendered":"https:\/\/simoffice.pt\/index.php\/product\/etiquetas-70x37-xerox-100-folhas-a4-2400un\/"},"modified":"2022-07-04T16:23:30","modified_gmt":"2022-07-04T16:23:30","slug":"etiquetas-70x37-xerox-100-folhas-a4-2400un","status":"publish","type":"product","link":"https:\/\/simoffice.pt\/index.php\/product\/etiquetas-70x37-xerox-100-folhas-a4-2400un\/","title":{"rendered":"Etiquetas 70&#215;37 Xerox 100 Folhas A4 2400un"},"content":{"rendered":"<p>Etiquetas para impress\u00e3o, v\u00e1rios tamanhos para v\u00e1rias utiliza\u00e7\u00f5es. Para impress\u00e3o em qualquer equipamento inkjet e laser.<\/p>\n","protected":false},"excerpt":{"rendered":"<p>Etiquetas para impress\u00e3o, v\u00e1rios tamanhos para v\u00e1rias utiliza\u00e7\u00f5es. Para impress\u00e3o em qualquer equipamento inkjet e laser.<\/p>\n","protected":false},"featured_media":6698,"template":"","meta":[],"product_cat":[74],"product_tag":[],"_links":{"self":[{"href":"https:\/\/simoffice.pt\/index.php\/wp-json\/wp\/v2\/product\/6697"}],"collection":[{"href":"https:\/\/simoffice.pt\/index.php\/wp-json\/wp\/v2\/product"}],"about":[{"href":"https:\/\/simoffice.pt\/index.php\/wp-json\/wp\/v2\/types\/product"}],"wp:featuredmedia":[{"embeddable":true,"href":"https:\/\/simoffice.pt\/index.php\/wp-json\/wp\/v2\/media\/6698"}],"wp:attachment":[{"href":"https:\/\/simoffice.pt\/index.php\/wp-json\/wp\/v2\/media?parent=6697"}],"wp:term":[{"taxonomy":"product_cat","embeddable":true,"href":"https:\/\/simoffice.pt\/index.php\/wp-json\/wp\/v2\/product_cat?post=6697"},{"taxonomy":"product_tag","embeddable":true,"href":"https:\/\/simoffice.pt\/index.php\/wp-json\/wp\/v2\/product_tag?post=6697"}],"curies":[{"name":"wp","href":"https:\/\/api.w.org\/{rel}","templated":true}]}}