{"id":6683,"date":"2022-07-04T16:22:44","date_gmt":"2022-07-04T16:22:44","guid":{"rendered":"https:\/\/simoffice.pt\/index.php\/product\/fonte-alimentacao-atx-maxpower-500w-peak-22a-12v-80\/"},"modified":"2022-07-04T16:22:50","modified_gmt":"2022-07-04T16:22:50","slug":"fonte-alimentacao-atx-maxpower-500w-peak-22a-12v-80","status":"publish","type":"product","link":"https:\/\/simoffice.pt\/index.php\/product\/fonte-alimentacao-atx-maxpower-500w-peak-22a-12v-80\/","title":{"rendered":"Fonte Alimenta\u00e7\u00e3o ATX MaxPower 500W PEAK 22A 12V 80+"},"content":{"rendered":"<p>Fonte de alimenta\u00e7\u00e3o ATX MaxPower com pot\u00eancia de 500W Pico \/ 250 Reais, certificada para a ultima gera\u00e7\u00e3o de CPUs Intel e AMD, ventilador de 12 cm com ajuste autom\u00e1tico de velocidade de rota\u00e7\u00e3o.Conector de alimenta\u00e7\u00e3o de 24 pinos ATX, 4 pinos de 12V para alimenta\u00e7\u00e3o do CPU, 2 SATA, 4 de 4 pinos Molex e 1 de 4 pinos FDD, circuito de protec\u00e7\u00e3o de Over\/Under Voltage. Norma CE, EMC.Kaby Lake Ready.<\/p>\n","protected":false},"excerpt":{"rendered":"<p>Fonte de alimenta\u00e7\u00e3o ATX MaxPower com pot\u00eancia de 500W Pico \/ 250 Reais, certificada para a ultima gera\u00e7\u00e3o de CPUs Intel e AMD, ventilador de 12 cm com ajuste autom\u00e1tico de velocidade de rota\u00e7\u00e3o.Conector de alimenta\u00e7\u00e3o de 24 pinos ATX, 4 pinos de 12V para alimenta\u00e7\u00e3o do CPU, 2 SATA, 4 de 4 pinos Molex [&hellip;]<\/p>\n","protected":false},"featured_media":6684,"template":"","meta":[],"product_cat":[75],"product_tag":[],"_links":{"self":[{"href":"https:\/\/simoffice.pt\/index.php\/wp-json\/wp\/v2\/product\/6683"}],"collection":[{"href":"https:\/\/simoffice.pt\/index.php\/wp-json\/wp\/v2\/product"}],"about":[{"href":"https:\/\/simoffice.pt\/index.php\/wp-json\/wp\/v2\/types\/product"}],"wp:featuredmedia":[{"embeddable":true,"href":"https:\/\/simoffice.pt\/index.php\/wp-json\/wp\/v2\/media\/6684"}],"wp:attachment":[{"href":"https:\/\/simoffice.pt\/index.php\/wp-json\/wp\/v2\/media?parent=6683"}],"wp:term":[{"taxonomy":"product_cat","embeddable":true,"href":"https:\/\/simoffice.pt\/index.php\/wp-json\/wp\/v2\/product_cat?post=6683"},{"taxonomy":"product_tag","embeddable":true,"href":"https:\/\/simoffice.pt\/index.php\/wp-json\/wp\/v2\/product_tag?post=6683"}],"curies":[{"name":"wp","href":"https:\/\/api.w.org\/{rel}","templated":true}]}}