{"id":6672,"date":"2022-07-04T16:22:08","date_gmt":"2022-07-04T16:22:08","guid":{"rendered":"https:\/\/simoffice.pt\/index.php\/product\/lg-monitor-led-ips-24-169-fullhd-1ms-144hz-hdmi-dp-usb-gaming-24gm79g\/"},"modified":"2022-07-04T16:22:14","modified_gmt":"2022-07-04T16:22:14","slug":"lg-monitor-led-ips-24-169-fullhd-1ms-144hz-hdmi-dp-usb-gaming-24gm79g","status":"publish","type":"product","link":"https:\/\/simoffice.pt\/index.php\/product\/lg-monitor-led-ips-24-169-fullhd-1ms-144hz-hdmi-dp-usb-gaming-24gm79g\/","title":{"rendered":"LG Monitor LED IPS 24&#8243; 16:9 FullHD 1MS 144HZ HDMI DP USB Gaming 24GM79G"},"content":{"rendered":"<p>LG 24GM79G-B. Tamanho do ecr\u00e3 na diagonal (pol.): 61 cm (24&#8243;), Luminosidade: 350 cd\/m\u00b2, Resolu\u00e7\u00e3o: 1920 x 1080 pixels. Vers\u00e3o hub USB: USB 3.0 (3.1 Gen 1). Cor da caixa: Preto. Montagem VESA: 100 x 100 mm, Inclina\u00e7\u00e3o: -5 &#8211; 35\u00b0, Ajuste de altura: 13 cm. Consumo de energia: 27 W, Voltagem de entrada de AC: 100-240 V, Frequ\u00eancia de entrada AC: 50\/60 Hz<\/p>\n","protected":false},"excerpt":{"rendered":"<p>LG 24GM79G-B. Tamanho do ecr\u00e3 na diagonal (pol.): 61 cm (24&#8243;), Luminosidade: 350 cd\/m\u00b2, Resolu\u00e7\u00e3o: 1920 x 1080 pixels. Vers\u00e3o hub USB: USB 3.0 (3.1 Gen 1). Cor da caixa: Preto. Montagem VESA: 100 x 100 mm, Inclina\u00e7\u00e3o: -5 &#8211; 35\u00b0, Ajuste de altura: 13 cm. Consumo de energia: 27 W, Voltagem de entrada de [&hellip;]<\/p>\n","protected":false},"featured_media":6673,"template":"","meta":[],"product_cat":[75],"product_tag":[],"_links":{"self":[{"href":"https:\/\/simoffice.pt\/index.php\/wp-json\/wp\/v2\/product\/6672"}],"collection":[{"href":"https:\/\/simoffice.pt\/index.php\/wp-json\/wp\/v2\/product"}],"about":[{"href":"https:\/\/simoffice.pt\/index.php\/wp-json\/wp\/v2\/types\/product"}],"wp:featuredmedia":[{"embeddable":true,"href":"https:\/\/simoffice.pt\/index.php\/wp-json\/wp\/v2\/media\/6673"}],"wp:attachment":[{"href":"https:\/\/simoffice.pt\/index.php\/wp-json\/wp\/v2\/media?parent=6672"}],"wp:term":[{"taxonomy":"product_cat","embeddable":true,"href":"https:\/\/simoffice.pt\/index.php\/wp-json\/wp\/v2\/product_cat?post=6672"},{"taxonomy":"product_tag","embeddable":true,"href":"https:\/\/simoffice.pt\/index.php\/wp-json\/wp\/v2\/product_tag?post=6672"}],"curies":[{"name":"wp","href":"https:\/\/api.w.org\/{rel}","templated":true}]}}