{"id":6652,"date":"2022-07-04T16:21:06","date_gmt":"2022-07-04T16:21:06","guid":{"rendered":"https:\/\/simoffice.pt\/index.php\/product\/fita-sinalizacao-impressa-branco-vermelho-80mmx100mts-rolo\/"},"modified":"2022-07-04T16:21:12","modified_gmt":"2022-07-04T16:21:12","slug":"fita-sinalizacao-impressa-branco-vermelho-80mmx100mts-rolo","status":"publish","type":"product","link":"https:\/\/simoffice.pt\/index.php\/product\/fita-sinalizacao-impressa-branco-vermelho-80mmx100mts-rolo\/","title":{"rendered":"Fita Sinalizacao Impressa Branco \/ Vermelho 80mmx100mts Rolo"},"content":{"rendered":"<p>Fita de sinaliza\u00e7\u00e3o para bloqueio de passagem<br \/>\ne indica\u00e7\u00e3o de perigo.<\/p>\n<p>red\/white plastic<br \/>\nSpecifications<\/p>\n<p>width: 80mm<br \/>\nlength: 100m<\/p>\n","protected":false},"excerpt":{"rendered":"<p>Fita de sinaliza\u00e7\u00e3o para bloqueio de passagem e indica\u00e7\u00e3o de perigo. red\/white plastic Specifications width: 80mm length: 100m<\/p>\n","protected":false},"featured_media":6653,"template":"","meta":[],"product_cat":[74],"product_tag":[],"_links":{"self":[{"href":"https:\/\/simoffice.pt\/index.php\/wp-json\/wp\/v2\/product\/6652"}],"collection":[{"href":"https:\/\/simoffice.pt\/index.php\/wp-json\/wp\/v2\/product"}],"about":[{"href":"https:\/\/simoffice.pt\/index.php\/wp-json\/wp\/v2\/types\/product"}],"wp:featuredmedia":[{"embeddable":true,"href":"https:\/\/simoffice.pt\/index.php\/wp-json\/wp\/v2\/media\/6653"}],"wp:attachment":[{"href":"https:\/\/simoffice.pt\/index.php\/wp-json\/wp\/v2\/media?parent=6652"}],"wp:term":[{"taxonomy":"product_cat","embeddable":true,"href":"https:\/\/simoffice.pt\/index.php\/wp-json\/wp\/v2\/product_cat?post=6652"},{"taxonomy":"product_tag","embeddable":true,"href":"https:\/\/simoffice.pt\/index.php\/wp-json\/wp\/v2\/product_tag?post=6652"}],"curies":[{"name":"wp","href":"https:\/\/api.w.org\/{rel}","templated":true}]}}