{"id":6648,"date":"2022-07-04T16:20:55","date_gmt":"2022-07-04T16:20:55","guid":{"rendered":"https:\/\/simoffice.pt\/index.php\/product\/caixa-externa-hdd-3-5-sata-usb-3-0\/"},"modified":"2022-07-04T16:21:01","modified_gmt":"2022-07-04T16:21:01","slug":"caixa-externa-hdd-3-5-sata-usb-3-0","status":"publish","type":"product","link":"https:\/\/simoffice.pt\/index.php\/product\/caixa-externa-hdd-3-5-sata-usb-3-0\/","title":{"rendered":"Caixa externa HDD 3.5&#8243; Sata USB 3.0"},"content":{"rendered":"<p>Caixa Externa para discos de 3.5\u00b4\u00b4 SATA com interface USB 3.0. F\u00e1cil instala\u00e7\u00e3o, sem necessidade de drivers adicionais, permite utiliza\u00e7\u00e3o em Hot-Swap. Inclui cabo USB 3.0 e Alimentador.Em alum\u00ednio. Inclui chave de parafusos e parafusos. Cor Preta.<\/p>\n<p>Tipo \/ Formato Caixa Externa para HDD 3.5<br \/>\nInterface USB 3.0 (5Gbps), compat\u00edvel com USB 2.0 e 1.1<br \/>\nTipo de Ficha USB<br \/>\nUtiliza\u00e7\u00e3o Discos R\u00edgidos SATA de 3.5\u00b4\u00b4<br \/>\nMaterial Alum\u00ednio<br \/>\nAcess\u00f3rios Inclu\u00eddos Cabo<br \/>\nOrigem RPC<br \/>\nQuantidade por Embalagem 1<br \/>\nGarantia 2 Anos<\/p>\n","protected":false},"excerpt":{"rendered":"<p>Caixa Externa para discos de 3.5\u00b4\u00b4 SATA com interface USB 3.0. F\u00e1cil instala\u00e7\u00e3o, sem necessidade de drivers adicionais, permite utiliza\u00e7\u00e3o em Hot-Swap. Inclui cabo USB 3.0 e Alimentador.Em alum\u00ednio. Inclui chave de parafusos e parafusos. Cor Preta. Tipo \/ Formato Caixa Externa para HDD 3.5 Interface USB 3.0 (5Gbps), compat\u00edvel com USB 2.0 e 1.1 [&hellip;]<\/p>\n","protected":false},"featured_media":6649,"template":"","meta":[],"product_cat":[75],"product_tag":[],"_links":{"self":[{"href":"https:\/\/simoffice.pt\/index.php\/wp-json\/wp\/v2\/product\/6648"}],"collection":[{"href":"https:\/\/simoffice.pt\/index.php\/wp-json\/wp\/v2\/product"}],"about":[{"href":"https:\/\/simoffice.pt\/index.php\/wp-json\/wp\/v2\/types\/product"}],"wp:featuredmedia":[{"embeddable":true,"href":"https:\/\/simoffice.pt\/index.php\/wp-json\/wp\/v2\/media\/6649"}],"wp:attachment":[{"href":"https:\/\/simoffice.pt\/index.php\/wp-json\/wp\/v2\/media?parent=6648"}],"wp:term":[{"taxonomy":"product_cat","embeddable":true,"href":"https:\/\/simoffice.pt\/index.php\/wp-json\/wp\/v2\/product_cat?post=6648"},{"taxonomy":"product_tag","embeddable":true,"href":"https:\/\/simoffice.pt\/index.php\/wp-json\/wp\/v2\/product_tag?post=6648"}],"curies":[{"name":"wp","href":"https:\/\/api.w.org\/{rel}","templated":true}]}}