{"id":6599,"date":"2022-07-04T16:18:19","date_gmt":"2022-07-04T16:18:19","guid":{"rendered":"https:\/\/simoffice.pt\/index.php\/product\/etiquetas-210x148-xerox-100-folhas-a4-200un\/"},"modified":"2022-07-04T16:18:25","modified_gmt":"2022-07-04T16:18:25","slug":"etiquetas-210x148-xerox-100-folhas-a4-200un","status":"publish","type":"product","link":"https:\/\/simoffice.pt\/index.php\/product\/etiquetas-210x148-xerox-100-folhas-a4-200un\/","title":{"rendered":"Etiquetas 210&#215;148 Xerox 100 Folhas A4 200un"},"content":{"rendered":"<p>Etiquetas para impress\u00e3o, v\u00e1rios tamanhos para v\u00e1rias utiliza\u00e7\u00f5es. Para impress\u00e3o em qualquer equipamento inkjet e laser.<\/p>\n","protected":false},"excerpt":{"rendered":"<p>Etiquetas para impress\u00e3o, v\u00e1rios tamanhos para v\u00e1rias utiliza\u00e7\u00f5es. Para impress\u00e3o em qualquer equipamento inkjet e laser.<\/p>\n","protected":false},"featured_media":6600,"template":"","meta":[],"product_cat":[74],"product_tag":[],"_links":{"self":[{"href":"https:\/\/simoffice.pt\/index.php\/wp-json\/wp\/v2\/product\/6599"}],"collection":[{"href":"https:\/\/simoffice.pt\/index.php\/wp-json\/wp\/v2\/product"}],"about":[{"href":"https:\/\/simoffice.pt\/index.php\/wp-json\/wp\/v2\/types\/product"}],"wp:featuredmedia":[{"embeddable":true,"href":"https:\/\/simoffice.pt\/index.php\/wp-json\/wp\/v2\/media\/6600"}],"wp:attachment":[{"href":"https:\/\/simoffice.pt\/index.php\/wp-json\/wp\/v2\/media?parent=6599"}],"wp:term":[{"taxonomy":"product_cat","embeddable":true,"href":"https:\/\/simoffice.pt\/index.php\/wp-json\/wp\/v2\/product_cat?post=6599"},{"taxonomy":"product_tag","embeddable":true,"href":"https:\/\/simoffice.pt\/index.php\/wp-json\/wp\/v2\/product_tag?post=6599"}],"curies":[{"name":"wp","href":"https:\/\/api.w.org\/{rel}","templated":true}]}}