{"id":6571,"date":"2022-07-04T16:16:54","date_gmt":"2022-07-04T16:16:54","guid":{"rendered":"https:\/\/simoffice.pt\/index.php\/product\/destruidora-corte-particulas-fellowes-99ci-18-folhas\/"},"modified":"2022-07-04T16:17:00","modified_gmt":"2022-07-04T16:17:00","slug":"destruidora-corte-particulas-fellowes-99ci-18-folhas","status":"publish","type":"product","link":"https:\/\/simoffice.pt\/index.php\/product\/destruidora-corte-particulas-fellowes-99ci-18-folhas\/","title":{"rendered":"Destruidora Corte Particulas Fellowes 99Ci 18 Folhas"},"content":{"rendered":"<p>Destr\u00f3i at\u00e9 18 folhas<br \/>\nCorte em particulas de 3,9 x 38 mm<br \/>\nO sistema 100% anti-encravamento interrompe e retrocede o processo de destrui\u00e7\u00e3o quando \u00e9 inserido demasiado papel<br \/>\nO sensor detecta automaticamente o contacto das m\u00e3os com a entrada de papel e interrompe imediatamente o processo de destrui\u00e7\u00e3o<br \/>\nCesto para pap\u00e9is amov\u00edvel para ser esvaziado mais facilmente<br \/>\nDestr\u00f3i clips, agrafos, cart\u00f5es cr\u00e9dito e CDs\/DVDs.<br \/>\n2 Anos de garantia para a m\u00e1quina, 5 anos de garantia para as l\u00e2minas<br \/>\nCapacidade do cesto de 34 Litros<br \/>\nDimens\u00f5es: 640x290x440mm<\/p>\n","protected":false},"excerpt":{"rendered":"<p>Destr\u00f3i at\u00e9 18 folhas Corte em particulas de 3,9 x 38 mm O sistema 100% anti-encravamento interrompe e retrocede o processo de destrui\u00e7\u00e3o quando \u00e9 inserido demasiado papel O sensor detecta automaticamente o contacto das m\u00e3os com a entrada de papel e interrompe imediatamente o processo de destrui\u00e7\u00e3o Cesto para pap\u00e9is amov\u00edvel para ser esvaziado [&hellip;]<\/p>\n","protected":false},"featured_media":6572,"template":"","meta":[],"product_cat":[74],"product_tag":[],"_links":{"self":[{"href":"https:\/\/simoffice.pt\/index.php\/wp-json\/wp\/v2\/product\/6571"}],"collection":[{"href":"https:\/\/simoffice.pt\/index.php\/wp-json\/wp\/v2\/product"}],"about":[{"href":"https:\/\/simoffice.pt\/index.php\/wp-json\/wp\/v2\/types\/product"}],"wp:featuredmedia":[{"embeddable":true,"href":"https:\/\/simoffice.pt\/index.php\/wp-json\/wp\/v2\/media\/6572"}],"wp:attachment":[{"href":"https:\/\/simoffice.pt\/index.php\/wp-json\/wp\/v2\/media?parent=6571"}],"wp:term":[{"taxonomy":"product_cat","embeddable":true,"href":"https:\/\/simoffice.pt\/index.php\/wp-json\/wp\/v2\/product_cat?post=6571"},{"taxonomy":"product_tag","embeddable":true,"href":"https:\/\/simoffice.pt\/index.php\/wp-json\/wp\/v2\/product_tag?post=6571"}],"curies":[{"name":"wp","href":"https:\/\/api.w.org\/{rel}","templated":true}]}}