{"id":6566,"date":"2022-07-04T16:16:37","date_gmt":"2022-07-04T16:16:37","guid":{"rendered":"https:\/\/simoffice.pt\/index.php\/product\/maquina-cafe-nespresso-inissia-en80-delonghi\/"},"modified":"2022-07-04T16:16:45","modified_gmt":"2022-07-04T16:16:45","slug":"maquina-cafe-nespresso-inissia-en80-delonghi","status":"publish","type":"product","link":"https:\/\/simoffice.pt\/index.php\/product\/maquina-cafe-nespresso-inissia-en80-delonghi\/","title":{"rendered":"M\u00e1quina Caf\u00e9 Nespresso Inissia EN80 De\u00b4Longhi"},"content":{"rendered":"<p>Com uma press\u00e3o m\u00e1xima de 19 Bar e uma pot\u00eancia de 1260 W, esta m\u00e1quina tem um dep\u00f3sito de \u00e1gua remov\u00edvel com capacidade para 0,8 L. Ao utilizar c\u00e1psulas Nespresso, tem uma grande variedade de caf\u00e9s dispon\u00edveis, desde o mais fraco ao mais forte, passando por caf\u00e9s com diferentes sabores, como avel\u00e3 ou chocolate. Do leque de caf\u00e9s Nespresso fazem parte sabores de todo o mundo, como \u00cdndia, Col\u00f4mbia, Brasil ou Eti\u00f3pia. <\/p>\n","protected":false},"excerpt":{"rendered":"<p>Com uma press\u00e3o m\u00e1xima de 19 Bar e uma pot\u00eancia de 1260 W, esta m\u00e1quina tem um dep\u00f3sito de \u00e1gua remov\u00edvel com capacidade para 0,8 L. Ao utilizar c\u00e1psulas Nespresso, tem uma grande variedade de caf\u00e9s dispon\u00edveis, desde o mais fraco ao mais forte, passando por caf\u00e9s com diferentes sabores, como avel\u00e3 ou chocolate. Do [&hellip;]<\/p>\n","protected":false},"featured_media":6567,"template":"","meta":[],"product_cat":[78],"product_tag":[],"_links":{"self":[{"href":"https:\/\/simoffice.pt\/index.php\/wp-json\/wp\/v2\/product\/6566"}],"collection":[{"href":"https:\/\/simoffice.pt\/index.php\/wp-json\/wp\/v2\/product"}],"about":[{"href":"https:\/\/simoffice.pt\/index.php\/wp-json\/wp\/v2\/types\/product"}],"wp:featuredmedia":[{"embeddable":true,"href":"https:\/\/simoffice.pt\/index.php\/wp-json\/wp\/v2\/media\/6567"}],"wp:attachment":[{"href":"https:\/\/simoffice.pt\/index.php\/wp-json\/wp\/v2\/media?parent=6566"}],"wp:term":[{"taxonomy":"product_cat","embeddable":true,"href":"https:\/\/simoffice.pt\/index.php\/wp-json\/wp\/v2\/product_cat?post=6566"},{"taxonomy":"product_tag","embeddable":true,"href":"https:\/\/simoffice.pt\/index.php\/wp-json\/wp\/v2\/product_tag?post=6566"}],"curies":[{"name":"wp","href":"https:\/\/api.w.org\/{rel}","templated":true}]}}