{"id":6561,"date":"2022-07-04T16:16:22","date_gmt":"2022-07-04T16:16:22","guid":{"rendered":"https:\/\/simoffice.pt\/index.php\/product\/maxpower-fonte-alimentacao-atx-600w-peak-12cm\/"},"modified":"2022-07-04T16:16:22","modified_gmt":"2022-07-04T16:16:22","slug":"maxpower-fonte-alimentacao-atx-600w-peak-12cm","status":"publish","type":"product","link":"https:\/\/simoffice.pt\/index.php\/product\/maxpower-fonte-alimentacao-atx-600w-peak-12cm\/","title":{"rendered":"MaxPower Fonte Alimenta\u00e7\u00e3o ATX 600w Peak 12cm"},"content":{"rendered":"<p>Fonte de alimenta\u00e7\u00e3o ATX MaxPower com pot\u00eancia de 600W Pico \/ 320W Reais, certificada para a ultima gera\u00e7\u00e3o de CPUs Intel e AMD, ventilador de 12 cm com ajuste autom\u00e1tico de velocidade de rota\u00e7\u00e3o.Conector de alimenta\u00e7\u00e3o de 24 pinos ATX, 4 pinos de 12V para alimenta\u00e7\u00e3o do CPU, 2 SATA, 4 de 4 pinos Molex e 1 de 4 pinos FDD, circuito de protec\u00e7\u00e3o de Over\/Under Voltage. Norma CE, EMC.Kaby Lake Ready.<\/p>\n<p>Tipo Fonte Alimenta\u00e7\u00e3o ATX<br \/>\nPot\u00eancia 600W Pico \/ 320W Reais<br \/>\nOutput +12V<br \/>\n+12V: 26A<br \/>\nPot. Comb: 300W<br \/>\nOutput +3.3V\/+5V<br \/>\n+3.3V: 28A<br \/>\n+5V: 26A<br \/>\nPot. Comb: 140W<br \/>\nOutput -12V\/+5VSB<br \/>\n-12V 0.5A 10W<br \/>\n+5VSB 2,5A 12W<br \/>\nFichas \/ Liga\u00e7\u00f5es<br \/>\nMotherboard 24pin (20p+4p) x1<br \/>\nCPU 12 4pin x1<br \/>\nSATA 15pin x2<br \/>\nMOLEXin x2<br \/>\nFLOPPY 4pin x1<br \/>\nVentilador 120 x 120 mm<br \/>\nAlimenta\u00e7\u00e3o 230 V<br \/>\nOutras Caracter\u00edsticas<br \/>\nRegulamento da EU<br \/>\nErP Ready<br \/>\nCertifica\u00e7\u00e3o CE, EMC<br \/>\nDimens\u00f5es 130 x 165 x 95 mm<br \/>\nQuantidade por Embalagem 1<br \/>\nGarantia 2 Anos<\/p>\n","protected":false},"excerpt":{"rendered":"<p>Fonte de alimenta\u00e7\u00e3o ATX MaxPower com pot\u00eancia de 600W Pico \/ 320W Reais, certificada para a ultima gera\u00e7\u00e3o de CPUs Intel e AMD, ventilador de 12 cm com ajuste autom\u00e1tico de velocidade de rota\u00e7\u00e3o.Conector de alimenta\u00e7\u00e3o de 24 pinos ATX, 4 pinos de 12V para alimenta\u00e7\u00e3o do CPU, 2 SATA, 4 de 4 pinos Molex [&hellip;]<\/p>\n","protected":false},"featured_media":0,"template":"","meta":[],"product_cat":[75],"product_tag":[],"_links":{"self":[{"href":"https:\/\/simoffice.pt\/index.php\/wp-json\/wp\/v2\/product\/6561"}],"collection":[{"href":"https:\/\/simoffice.pt\/index.php\/wp-json\/wp\/v2\/product"}],"about":[{"href":"https:\/\/simoffice.pt\/index.php\/wp-json\/wp\/v2\/types\/product"}],"wp:attachment":[{"href":"https:\/\/simoffice.pt\/index.php\/wp-json\/wp\/v2\/media?parent=6561"}],"wp:term":[{"taxonomy":"product_cat","embeddable":true,"href":"https:\/\/simoffice.pt\/index.php\/wp-json\/wp\/v2\/product_cat?post=6561"},{"taxonomy":"product_tag","embeddable":true,"href":"https:\/\/simoffice.pt\/index.php\/wp-json\/wp\/v2\/product_tag?post=6561"}],"curies":[{"name":"wp","href":"https:\/\/api.w.org\/{rel}","templated":true}]}}