{"id":6559,"date":"2022-07-04T16:16:18","date_gmt":"2022-07-04T16:16:18","guid":{"rendered":"https:\/\/simoffice.pt\/index.php\/product\/toshiba-hdd-externo-2tb-canvio-basics\/"},"modified":"2022-07-04T16:16:24","modified_gmt":"2022-07-04T16:16:24","slug":"toshiba-hdd-externo-2tb-canvio-basics","status":"publish","type":"product","link":"https:\/\/simoffice.pt\/index.php\/product\/toshiba-hdd-externo-2tb-canvio-basics\/","title":{"rendered":"Toshiba HDD externo 2TB Canvio Basics"},"content":{"rendered":"<p>HDD 2TB externo 2.5 USB3 TOSHIBA Canvio Basic, alimentado por USB, caixa em pl\u00e1stico preto.<\/p>\n<p>Tipo \/ Formato Disco R\u00edgido Externo 2.5P<br \/>\nInterface USB 3.0<br \/>\nCapacidade 2TB de capacidade<br \/>\nTaxa de Transfer\u00eancia 5Gbps (USB 3.0)<br \/>\nDimens\u00f5es 119 x 79 x 20,5mm<br \/>\nPeso 230g<br \/>\nPeso com embalagem 300g<br \/>\nOrigem PRC<br \/>\nQuantidade por Embalagem 1<br \/>\nGarantia 2 Anos<\/p>\n","protected":false},"excerpt":{"rendered":"<p>HDD 2TB externo 2.5 USB3 TOSHIBA Canvio Basic, alimentado por USB, caixa em pl\u00e1stico preto. Tipo \/ Formato Disco R\u00edgido Externo 2.5P Interface USB 3.0 Capacidade 2TB de capacidade Taxa de Transfer\u00eancia 5Gbps (USB 3.0) Dimens\u00f5es 119 x 79 x 20,5mm Peso 230g Peso com embalagem 300g Origem PRC Quantidade por Embalagem 1 Garantia 2 [&hellip;]<\/p>\n","protected":false},"featured_media":6560,"template":"","meta":[],"product_cat":[75],"product_tag":[],"_links":{"self":[{"href":"https:\/\/simoffice.pt\/index.php\/wp-json\/wp\/v2\/product\/6559"}],"collection":[{"href":"https:\/\/simoffice.pt\/index.php\/wp-json\/wp\/v2\/product"}],"about":[{"href":"https:\/\/simoffice.pt\/index.php\/wp-json\/wp\/v2\/types\/product"}],"wp:featuredmedia":[{"embeddable":true,"href":"https:\/\/simoffice.pt\/index.php\/wp-json\/wp\/v2\/media\/6560"}],"wp:attachment":[{"href":"https:\/\/simoffice.pt\/index.php\/wp-json\/wp\/v2\/media?parent=6559"}],"wp:term":[{"taxonomy":"product_cat","embeddable":true,"href":"https:\/\/simoffice.pt\/index.php\/wp-json\/wp\/v2\/product_cat?post=6559"},{"taxonomy":"product_tag","embeddable":true,"href":"https:\/\/simoffice.pt\/index.php\/wp-json\/wp\/v2\/product_tag?post=6559"}],"curies":[{"name":"wp","href":"https:\/\/api.w.org\/{rel}","templated":true}]}}