{"id":6552,"date":"2022-07-04T16:15:53","date_gmt":"2022-07-04T16:15:53","guid":{"rendered":"https:\/\/simoffice.pt\/index.php\/product\/samsonite-trolley-4-rodas-preto-55-20\/"},"modified":"2022-07-04T16:16:00","modified_gmt":"2022-07-04T16:16:00","slug":"samsonite-trolley-4-rodas-preto-55-20","status":"publish","type":"product","link":"https:\/\/simoffice.pt\/index.php\/product\/samsonite-trolley-4-rodas-preto-55-20\/","title":{"rendered":"Samsonite Trolley 4 rodas preto 55\/20"},"content":{"rendered":"<p>Funcionalidade e eleg\u00e2ncia nas suas viagens.<br \/>\nGaranta m\u00e1ximo conforto e seguran\u00e7a no transporte da sua bagagem com este trolley da Samsonite. Com 4 rodas permite que o transporte e a desloca\u00e7\u00e3o sejam mais f\u00e1ceis. Al\u00e9m disso, oferece espa\u00e7o suficiente para o acondicionar os seus bens pessoas com seguran\u00e7a. O exterior \u00e9 feito de dois tipos de poli\u00e9ster e o interior \u00e9 totalmente feito deste material. Apresenta etiqueta de identifica\u00e7\u00e3o retr\u00e1til, fecho de combina\u00e7\u00e3o com fun\u00e7\u00e3o TSA e ainda bolsos interiores e pressintas cruzadas.<br \/>\nTrolley preto em poli\u00e9ster com design elegante e funcional<br \/>\nMaterial leve e robusto para evitar peso desnecess\u00e1rio (apenas 2 kg)<br \/>\nDimens\u00f5es compactas, ideal para viagens curtas: 55 x 40 x 20 cm<br \/>\n4 Rodas para m\u00e1xima mobilidade<br \/>\nGarantia global limitada de 5 anos<\/p>\n","protected":false},"excerpt":{"rendered":"<p>Funcionalidade e eleg\u00e2ncia nas suas viagens. Garanta m\u00e1ximo conforto e seguran\u00e7a no transporte da sua bagagem com este trolley da Samsonite. Com 4 rodas permite que o transporte e a desloca\u00e7\u00e3o sejam mais f\u00e1ceis. Al\u00e9m disso, oferece espa\u00e7o suficiente para o acondicionar os seus bens pessoas com seguran\u00e7a. O exterior \u00e9 feito de dois tipos [&hellip;]<\/p>\n","protected":false},"featured_media":6553,"template":"","meta":[],"product_cat":[80],"product_tag":[],"_links":{"self":[{"href":"https:\/\/simoffice.pt\/index.php\/wp-json\/wp\/v2\/product\/6552"}],"collection":[{"href":"https:\/\/simoffice.pt\/index.php\/wp-json\/wp\/v2\/product"}],"about":[{"href":"https:\/\/simoffice.pt\/index.php\/wp-json\/wp\/v2\/types\/product"}],"wp:featuredmedia":[{"embeddable":true,"href":"https:\/\/simoffice.pt\/index.php\/wp-json\/wp\/v2\/media\/6553"}],"wp:attachment":[{"href":"https:\/\/simoffice.pt\/index.php\/wp-json\/wp\/v2\/media?parent=6552"}],"wp:term":[{"taxonomy":"product_cat","embeddable":true,"href":"https:\/\/simoffice.pt\/index.php\/wp-json\/wp\/v2\/product_cat?post=6552"},{"taxonomy":"product_tag","embeddable":true,"href":"https:\/\/simoffice.pt\/index.php\/wp-json\/wp\/v2\/product_tag?post=6552"}],"curies":[{"name":"wp","href":"https:\/\/api.w.org\/{rel}","templated":true}]}}