{"id":6531,"date":"2022-07-04T16:14:49","date_gmt":"2022-07-04T16:14:49","guid":{"rendered":"https:\/\/simoffice.pt\/index.php\/product\/maquina-fotografica-nikon-reflex-serie-d3400-afp-dx-18-55-bolsa\/"},"modified":"2022-07-04T16:14:49","modified_gmt":"2022-07-04T16:14:49","slug":"maquina-fotografica-nikon-reflex-serie-d3400-afp-dx-18-55-bolsa","status":"publish","type":"product","link":"https:\/\/simoffice.pt\/index.php\/product\/maquina-fotografica-nikon-reflex-serie-d3400-afp-dx-18-55-bolsa\/","title":{"rendered":"M\u00e1quina Fotogr\u00e1fica Nikon Reflex S\u00e9rie D3400 + AFP DX 18\/55 + Bolsa"},"content":{"rendered":"","protected":false},"excerpt":{"rendered":"","protected":false},"featured_media":0,"template":"","meta":[],"product_cat":[77],"product_tag":[],"_links":{"self":[{"href":"https:\/\/simoffice.pt\/index.php\/wp-json\/wp\/v2\/product\/6531"}],"collection":[{"href":"https:\/\/simoffice.pt\/index.php\/wp-json\/wp\/v2\/product"}],"about":[{"href":"https:\/\/simoffice.pt\/index.php\/wp-json\/wp\/v2\/types\/product"}],"wp:attachment":[{"href":"https:\/\/simoffice.pt\/index.php\/wp-json\/wp\/v2\/media?parent=6531"}],"wp:term":[{"taxonomy":"product_cat","embeddable":true,"href":"https:\/\/simoffice.pt\/index.php\/wp-json\/wp\/v2\/product_cat?post=6531"},{"taxonomy":"product_tag","embeddable":true,"href":"https:\/\/simoffice.pt\/index.php\/wp-json\/wp\/v2\/product_tag?post=6531"}],"curies":[{"name":"wp","href":"https:\/\/api.w.org\/{rel}","templated":true}]}}