{"id":6509,"date":"2022-07-04T16:13:44","date_gmt":"2022-07-04T16:13:44","guid":{"rendered":"https:\/\/simoffice.pt\/index.php\/product\/fellowes-suporte-plastico-para-cpu-extensivel\/"},"modified":"2022-07-04T16:13:50","modified_gmt":"2022-07-04T16:13:50","slug":"fellowes-suporte-plastico-para-cpu-extensivel","status":"publish","type":"product","link":"https:\/\/simoffice.pt\/index.php\/product\/fellowes-suporte-plastico-para-cpu-extensivel\/","title":{"rendered":"Fellowes Suporte Plastico para CPU Extens\u00edvel"},"content":{"rendered":"<p>*Pode ser utilizado com outro tipo de produtos<br \/>\n*4 rodas, 2 das quais com trav\u00e3o<br \/>\n*Suporta at\u00e9 50Kg de peso<br \/>\n*Ajust\u00e1vel de 70 a 280 mm<\/p>\n","protected":false},"excerpt":{"rendered":"<p>*Pode ser utilizado com outro tipo de produtos *4 rodas, 2 das quais com trav\u00e3o *Suporta at\u00e9 50Kg de peso *Ajust\u00e1vel de 70 a 280 mm<\/p>\n","protected":false},"featured_media":6510,"template":"","meta":[],"product_cat":[75],"product_tag":[],"_links":{"self":[{"href":"https:\/\/simoffice.pt\/index.php\/wp-json\/wp\/v2\/product\/6509"}],"collection":[{"href":"https:\/\/simoffice.pt\/index.php\/wp-json\/wp\/v2\/product"}],"about":[{"href":"https:\/\/simoffice.pt\/index.php\/wp-json\/wp\/v2\/types\/product"}],"wp:featuredmedia":[{"embeddable":true,"href":"https:\/\/simoffice.pt\/index.php\/wp-json\/wp\/v2\/media\/6510"}],"wp:attachment":[{"href":"https:\/\/simoffice.pt\/index.php\/wp-json\/wp\/v2\/media?parent=6509"}],"wp:term":[{"taxonomy":"product_cat","embeddable":true,"href":"https:\/\/simoffice.pt\/index.php\/wp-json\/wp\/v2\/product_cat?post=6509"},{"taxonomy":"product_tag","embeddable":true,"href":"https:\/\/simoffice.pt\/index.php\/wp-json\/wp\/v2\/product_tag?post=6509"}],"curies":[{"name":"wp","href":"https:\/\/api.w.org\/{rel}","templated":true}]}}