{"id":6491,"date":"2022-07-04T16:12:50","date_gmt":"2022-07-04T16:12:50","guid":{"rendered":"https:\/\/simoffice.pt\/index.php\/product\/transportador-de-ferro-manual-480x1300x600-cinzento\/"},"modified":"2022-07-04T16:12:56","modified_gmt":"2022-07-04T16:12:56","slug":"transportador-de-ferro-manual-480x1300x600-cinzento","status":"publish","type":"product","link":"https:\/\/simoffice.pt\/index.php\/product\/transportador-de-ferro-manual-480x1300x600-cinzento\/","title":{"rendered":"Transportador de ferro manual 480x1300x600 cinzento"},"content":{"rendered":"<p>Carro s\u00f3lido em a\u00e7o, com aba fixa.<br \/>\nDeslocamento f\u00e1cil e silencioso.<br \/>\nEstrutura do quadro indeform\u00e1vel.<br \/>\nSoldadura perfeita, sem vest\u00edgios.<br \/>\nTodos os produtos Manutan s\u00e3o testados e aprovados pelas nossas equipas.<\/p>\n","protected":false},"excerpt":{"rendered":"<p>Carro s\u00f3lido em a\u00e7o, com aba fixa. Deslocamento f\u00e1cil e silencioso. Estrutura do quadro indeform\u00e1vel. Soldadura perfeita, sem vest\u00edgios. Todos os produtos Manutan s\u00e3o testados e aprovados pelas nossas equipas.<\/p>\n","protected":false},"featured_media":6492,"template":"","meta":[],"product_cat":[79],"product_tag":[],"_links":{"self":[{"href":"https:\/\/simoffice.pt\/index.php\/wp-json\/wp\/v2\/product\/6491"}],"collection":[{"href":"https:\/\/simoffice.pt\/index.php\/wp-json\/wp\/v2\/product"}],"about":[{"href":"https:\/\/simoffice.pt\/index.php\/wp-json\/wp\/v2\/types\/product"}],"wp:featuredmedia":[{"embeddable":true,"href":"https:\/\/simoffice.pt\/index.php\/wp-json\/wp\/v2\/media\/6492"}],"wp:attachment":[{"href":"https:\/\/simoffice.pt\/index.php\/wp-json\/wp\/v2\/media?parent=6491"}],"wp:term":[{"taxonomy":"product_cat","embeddable":true,"href":"https:\/\/simoffice.pt\/index.php\/wp-json\/wp\/v2\/product_cat?post=6491"},{"taxonomy":"product_tag","embeddable":true,"href":"https:\/\/simoffice.pt\/index.php\/wp-json\/wp\/v2\/product_tag?post=6491"}],"curies":[{"name":"wp","href":"https:\/\/api.w.org\/{rel}","templated":true}]}}