{"id":6468,"date":"2022-07-04T16:11:43","date_gmt":"2022-07-04T16:11:43","guid":{"rendered":"https:\/\/simoffice.pt\/index.php\/product\/fita-montagem-bi-adesiva-tesa-powerbond-20kg-15mx19mm\/"},"modified":"2022-07-04T16:11:50","modified_gmt":"2022-07-04T16:11:50","slug":"fita-montagem-bi-adesiva-tesa-powerbond-20kg-15mx19mm","status":"publish","type":"product","link":"https:\/\/simoffice.pt\/index.php\/product\/fita-montagem-bi-adesiva-tesa-powerbond-20kg-15mx19mm\/","title":{"rendered":"Fita Montagem Bi-adesiva Tesa Powerbond 20kg 1,5mx19mm"},"content":{"rendered":"<p>Fitas de montagem Bi-adesivas, especialmente desenvolvido com duas faces adesivas para montagem r\u00e1pida, f\u00e1cil e permanente de objectos em superficeis transparentes no interior.S\u00e3o de montagem pr\u00e1tica e f\u00e1cil, n\u00e3o s\u00e3o necess\u00e1rios mais utensilios do que uma tesoura e asseguram uma fixa\u00e7\u00e3o flexivel e duradoura. Em condi\u00e7\u00f5es normais, uma fita de 10cm \u00e9 suficiente para suspender at\u00e9 2kg. Ideal para vidro, acrilico, pl\u00e1stico transparente<\/p>\n","protected":false},"excerpt":{"rendered":"<p>Fitas de montagem Bi-adesivas, especialmente desenvolvido com duas faces adesivas para montagem r\u00e1pida, f\u00e1cil e permanente de objectos em superficeis transparentes no interior.S\u00e3o de montagem pr\u00e1tica e f\u00e1cil, n\u00e3o s\u00e3o necess\u00e1rios mais utensilios do que uma tesoura e asseguram uma fixa\u00e7\u00e3o flexivel e duradoura. Em condi\u00e7\u00f5es normais, uma fita de 10cm \u00e9 suficiente para suspender [&hellip;]<\/p>\n","protected":false},"featured_media":6469,"template":"","meta":[],"product_cat":[74],"product_tag":[],"_links":{"self":[{"href":"https:\/\/simoffice.pt\/index.php\/wp-json\/wp\/v2\/product\/6468"}],"collection":[{"href":"https:\/\/simoffice.pt\/index.php\/wp-json\/wp\/v2\/product"}],"about":[{"href":"https:\/\/simoffice.pt\/index.php\/wp-json\/wp\/v2\/types\/product"}],"wp:featuredmedia":[{"embeddable":true,"href":"https:\/\/simoffice.pt\/index.php\/wp-json\/wp\/v2\/media\/6469"}],"wp:attachment":[{"href":"https:\/\/simoffice.pt\/index.php\/wp-json\/wp\/v2\/media?parent=6468"}],"wp:term":[{"taxonomy":"product_cat","embeddable":true,"href":"https:\/\/simoffice.pt\/index.php\/wp-json\/wp\/v2\/product_cat?post=6468"},{"taxonomy":"product_tag","embeddable":true,"href":"https:\/\/simoffice.pt\/index.php\/wp-json\/wp\/v2\/product_tag?post=6468"}],"curies":[{"name":"wp","href":"https:\/\/api.w.org\/{rel}","templated":true}]}}