{"id":6460,"date":"2022-07-04T16:11:19","date_gmt":"2022-07-04T16:11:19","guid":{"rendered":"https:\/\/simoffice.pt\/index.php\/product\/quadro-branco-90x120cm-ceramica-magnetico-new-generation\/"},"modified":"2022-07-04T16:11:26","modified_gmt":"2022-07-04T16:11:26","slug":"quadro-branco-90x120cm-ceramica-magnetico-new-generation","status":"publish","type":"product","link":"https:\/\/simoffice.pt\/index.php\/product\/quadro-branco-90x120cm-ceramica-magnetico-new-generation\/","title":{"rendered":"Quadro Branco 90x120cm Ceramica Magnetico New Generation"},"content":{"rendered":"<p>Quadro escolar magn\u00e9tico para escrita com marcador, com uma face em melamina, porcelana, cer\u00e2mica ou vidro, para fixa\u00e7\u00e3o \u00e0 parede. Pode facilmente colocar o apagador no quadro uma vez que o mesmo fica preso devido ao \u00edman.Com bandeja<\/p>\n","protected":false},"excerpt":{"rendered":"<p>Quadro escolar magn\u00e9tico para escrita com marcador, com uma face em melamina, porcelana, cer\u00e2mica ou vidro, para fixa\u00e7\u00e3o \u00e0 parede. Pode facilmente colocar o apagador no quadro uma vez que o mesmo fica preso devido ao \u00edman.Com bandeja<\/p>\n","protected":false},"featured_media":6461,"template":"","meta":[],"product_cat":[76],"product_tag":[],"_links":{"self":[{"href":"https:\/\/simoffice.pt\/index.php\/wp-json\/wp\/v2\/product\/6460"}],"collection":[{"href":"https:\/\/simoffice.pt\/index.php\/wp-json\/wp\/v2\/product"}],"about":[{"href":"https:\/\/simoffice.pt\/index.php\/wp-json\/wp\/v2\/types\/product"}],"wp:featuredmedia":[{"embeddable":true,"href":"https:\/\/simoffice.pt\/index.php\/wp-json\/wp\/v2\/media\/6461"}],"wp:attachment":[{"href":"https:\/\/simoffice.pt\/index.php\/wp-json\/wp\/v2\/media?parent=6460"}],"wp:term":[{"taxonomy":"product_cat","embeddable":true,"href":"https:\/\/simoffice.pt\/index.php\/wp-json\/wp\/v2\/product_cat?post=6460"},{"taxonomy":"product_tag","embeddable":true,"href":"https:\/\/simoffice.pt\/index.php\/wp-json\/wp\/v2\/product_tag?post=6460"}],"curies":[{"name":"wp","href":"https:\/\/api.w.org\/{rel}","templated":true}]}}