{"id":6448,"date":"2022-07-04T16:10:41","date_gmt":"2022-07-04T16:10:41","guid":{"rendered":"https:\/\/simoffice.pt\/index.php\/product\/algodao-hidrofilo-40grs-100-algodao-hidrofico\/"},"modified":"2022-07-04T16:10:41","modified_gmt":"2022-07-04T16:10:41","slug":"algodao-hidrofilo-40grs-100-algodao-hidrofico","status":"publish","type":"product","link":"https:\/\/simoffice.pt\/index.php\/product\/algodao-hidrofilo-40grs-100-algodao-hidrofico\/","title":{"rendered":"Algod\u00e3o Hidr\u00f3filo 40Grs 100% algod\u00e3o hidr\u00f3fi\u00e7o"},"content":{"rendered":"","protected":false},"excerpt":{"rendered":"","protected":false},"featured_media":0,"template":"","meta":[],"product_cat":[79],"product_tag":[],"_links":{"self":[{"href":"https:\/\/simoffice.pt\/index.php\/wp-json\/wp\/v2\/product\/6448"}],"collection":[{"href":"https:\/\/simoffice.pt\/index.php\/wp-json\/wp\/v2\/product"}],"about":[{"href":"https:\/\/simoffice.pt\/index.php\/wp-json\/wp\/v2\/types\/product"}],"wp:attachment":[{"href":"https:\/\/simoffice.pt\/index.php\/wp-json\/wp\/v2\/media?parent=6448"}],"wp:term":[{"taxonomy":"product_cat","embeddable":true,"href":"https:\/\/simoffice.pt\/index.php\/wp-json\/wp\/v2\/product_cat?post=6448"},{"taxonomy":"product_tag","embeddable":true,"href":"https:\/\/simoffice.pt\/index.php\/wp-json\/wp\/v2\/product_tag?post=6448"}],"curies":[{"name":"wp","href":"https:\/\/api.w.org\/{rel}","templated":true}]}}