{"id":6402,"date":"2022-07-04T16:08:20","date_gmt":"2022-07-04T16:08:20","guid":{"rendered":"https:\/\/simoffice.pt\/index.php\/product\/bolsa-perfurada-a5-8-orificios-polipropileno-suave-transparente\/"},"modified":"2022-07-04T16:08:28","modified_gmt":"2022-07-04T16:08:28","slug":"bolsa-perfurada-a5-8-orificios-polipropileno-suave-transparente","status":"publish","type":"product","link":"https:\/\/simoffice.pt\/index.php\/product\/bolsa-perfurada-a5-8-orificios-polipropileno-suave-transparente\/","title":{"rendered":"Bolsa Perfurada, A5, 8 Orif\u00edcios, Polipropileno, Suave, Transparente"},"content":{"rendered":"<p>Proteja os seus documentos da sujidade e de poss\u00edveis danos com estas bolsas perfuradas A5 da Staples.<br \/>\nFabricadas com polipropileno de alta qualidade, estas bolsas perfuradas transparentes s\u00e3o ideais para proteger documentos de danos e, ao mesmo tempo, exibi-los de forma elegante. As bolsas incluem v\u00e1rios furos para possibilitar um arquivamento f\u00e1cil e organizado, podendo ser armazenadas em pastas e dossi\u00eas de argolas. Apresentam uma textura macia e est\u00e3o dispon\u00edveis no formato A5, tornando-as perfeitas para utiliza\u00e7\u00e3o dom\u00e9stica, escolar e profissional.<br \/>\nBolsas perfuradas para pastas e dossi\u00eas de argolas<br \/>\nMaterial: Polipropileno<br \/>\nTextura: Suave<br \/>\nCor: Transparente<br \/>\nTamanho: A5<\/p>\n","protected":false},"excerpt":{"rendered":"<p>Proteja os seus documentos da sujidade e de poss\u00edveis danos com estas bolsas perfuradas A5 da Staples. Fabricadas com polipropileno de alta qualidade, estas bolsas perfuradas transparentes s\u00e3o ideais para proteger documentos de danos e, ao mesmo tempo, exibi-los de forma elegante. As bolsas incluem v\u00e1rios furos para possibilitar um arquivamento f\u00e1cil e organizado, podendo [&hellip;]<\/p>\n","protected":false},"featured_media":6403,"template":"","meta":[],"product_cat":[74],"product_tag":[],"_links":{"self":[{"href":"https:\/\/simoffice.pt\/index.php\/wp-json\/wp\/v2\/product\/6402"}],"collection":[{"href":"https:\/\/simoffice.pt\/index.php\/wp-json\/wp\/v2\/product"}],"about":[{"href":"https:\/\/simoffice.pt\/index.php\/wp-json\/wp\/v2\/types\/product"}],"wp:featuredmedia":[{"embeddable":true,"href":"https:\/\/simoffice.pt\/index.php\/wp-json\/wp\/v2\/media\/6403"}],"wp:attachment":[{"href":"https:\/\/simoffice.pt\/index.php\/wp-json\/wp\/v2\/media?parent=6402"}],"wp:term":[{"taxonomy":"product_cat","embeddable":true,"href":"https:\/\/simoffice.pt\/index.php\/wp-json\/wp\/v2\/product_cat?post=6402"},{"taxonomy":"product_tag","embeddable":true,"href":"https:\/\/simoffice.pt\/index.php\/wp-json\/wp\/v2\/product_tag?post=6402"}],"curies":[{"name":"wp","href":"https:\/\/api.w.org\/{rel}","templated":true}]}}