{"id":6400,"date":"2022-07-04T16:08:14","date_gmt":"2022-07-04T16:08:14","guid":{"rendered":"https:\/\/simoffice.pt\/index.php\/product\/conjunto-de-2-separadores-de-bolsa-com-fecho-a5-arc-em-polipropileno-transparente\/"},"modified":"2022-07-04T16:08:22","modified_gmt":"2022-07-04T16:08:22","slug":"conjunto-de-2-separadores-de-bolsa-com-fecho-a5-arc-em-polipropileno-transparente","status":"publish","type":"product","link":"https:\/\/simoffice.pt\/index.php\/product\/conjunto-de-2-separadores-de-bolsa-com-fecho-a5-arc-em-polipropileno-transparente\/","title":{"rendered":"Conjunto de 2 separadores de bolsa com fecho A5 ARC em polipropileno &#8211; Transparente"},"content":{"rendered":"<p>O design ultraflex\u00edvel do caderno M by Staples\u00ae ARC permite-lhe adicionar, retirar e reorganizar p\u00e1ginas e acess\u00f3rios de acordo com as suas necessidades.<br \/>\nOrganize todas as suas notas, tarefas e agenda com o sistema de organiza\u00e7\u00e3o personaliz\u00e1vel M by Staples\u00ae ARC. Utilize esta pr\u00e1tica bolsa transparente no seu caderno para manter os seus documentos ou itens soltos em seguran\u00e7a e num \u00fanico lugar. A bolsa transparente A5 possui um pr\u00e1tico fecho zip para proteger o respetivo conte\u00fado.<br \/>\nPolipropileno duradouro<br \/>\nConjunto de 2 separadores<br \/>\nPr\u00e1tico fecho zip para proteger itens soltos<br \/>\nSeparadores transparentes de 80 m\u00edcrones<br \/>\nFormato A5, 148 x 210 mm<br \/>\nOrgulhamo-nos de apresentar os materiais de escrit\u00f3rio e equipamentos da marca Staples com garantia de 100% de satisfa\u00e7\u00e3o. Desenvolvemos, testamos e fabricamos produtos de forma respons\u00e1vel para lhe oferecer toda a qualidade e rela\u00e7\u00e3o qualidade\/pre\u00e7o que espera de n\u00f3s.<br \/>\nMarca: Staples<br \/>\nTipo: Separadores<br \/>\nDimens\u00f5es: A5<\/p>\n","protected":false},"excerpt":{"rendered":"<p>O design ultraflex\u00edvel do caderno M by Staples\u00ae ARC permite-lhe adicionar, retirar e reorganizar p\u00e1ginas e acess\u00f3rios de acordo com as suas necessidades. Organize todas as suas notas, tarefas e agenda com o sistema de organiza\u00e7\u00e3o personaliz\u00e1vel M by Staples\u00ae ARC. Utilize esta pr\u00e1tica bolsa transparente no seu caderno para manter os seus documentos ou [&hellip;]<\/p>\n","protected":false},"featured_media":6401,"template":"","meta":[],"product_cat":[74],"product_tag":[],"_links":{"self":[{"href":"https:\/\/simoffice.pt\/index.php\/wp-json\/wp\/v2\/product\/6400"}],"collection":[{"href":"https:\/\/simoffice.pt\/index.php\/wp-json\/wp\/v2\/product"}],"about":[{"href":"https:\/\/simoffice.pt\/index.php\/wp-json\/wp\/v2\/types\/product"}],"wp:featuredmedia":[{"embeddable":true,"href":"https:\/\/simoffice.pt\/index.php\/wp-json\/wp\/v2\/media\/6401"}],"wp:attachment":[{"href":"https:\/\/simoffice.pt\/index.php\/wp-json\/wp\/v2\/media?parent=6400"}],"wp:term":[{"taxonomy":"product_cat","embeddable":true,"href":"https:\/\/simoffice.pt\/index.php\/wp-json\/wp\/v2\/product_cat?post=6400"},{"taxonomy":"product_tag","embeddable":true,"href":"https:\/\/simoffice.pt\/index.php\/wp-json\/wp\/v2\/product_tag?post=6400"}],"curies":[{"name":"wp","href":"https:\/\/api.w.org\/{rel}","templated":true}]}}