{"id":6397,"date":"2022-07-04T16:08:03","date_gmt":"2022-07-04T16:08:03","guid":{"rendered":"https:\/\/simoffice.pt\/index.php\/product\/caderno-a5-em-polipropileno-arc-com-60-paginas-pautadas-preto\/"},"modified":"2022-07-04T16:08:10","modified_gmt":"2022-07-04T16:08:10","slug":"caderno-a5-em-polipropileno-arc-com-60-paginas-pautadas-preto","status":"publish","type":"product","link":"https:\/\/simoffice.pt\/index.php\/product\/caderno-a5-em-polipropileno-arc-com-60-paginas-pautadas-preto\/","title":{"rendered":"Caderno A5 em polipropileno ARC com 60 p\u00e1ginas pautadas &#8211; Preto"},"content":{"rendered":"<p>O design ultraflex\u00edvel do caderno M by Staples\u00ae ARC permite-lhe adicionar, retirar e reorganizar p\u00e1ginas e acess\u00f3rios de acordo com as suas necessidades.<br \/>\nOrganize todas as suas notas, tarefas e agenda com o sistema de organiza\u00e7\u00e3o personaliz\u00e1vel M by Staples\u00ae ARC. O design inteligente do ARC permite uma f\u00e1cil personaliza\u00e7\u00e3o, podendo ser utilizado como di\u00e1rio de viagem ou caderno de apontamentos. Este caderno A5 possui uma capa em propileno resistente e duradoura e inclui inicialmente 60 folhas pautadas. As folhas de papel de 100 g\/m\u00b2 permitem uma escrita suave, ao passo que o design permite reposicionar as folhas em qualquer altura. Basta retirar as p\u00e1ginas e mud\u00e1-las de sec\u00e7\u00e3o.<br \/>\nCapa em polipropileno duradoura<br \/>\nPapel premium de 100 g\/m\u00b2<br \/>\n60 folhas reposicion\u00e1veis com um pautado de menores dimens\u00f5es<br \/>\nDiscos de 19 mm<br \/>\nFormato A5, 148 x 210 mm<br \/>\nOrgulhamo-nos de apresentar os materiais de escrit\u00f3rio e equipamentos da marca Staples com garantia de 100% de satisfa\u00e7\u00e3o. Desenvolvemos, testamos e fabricamos produtos de forma respons\u00e1vel para lhe oferecer toda a qualidade e rela\u00e7\u00e3o qualidade\/pre\u00e7o que espera de n\u00f3s.<br \/>\nMarca: Staples<br \/>\nTipo: Caderno Personaliz\u00e1vel<br \/>\nCor: Preto<br \/>\nN\u00ba de Folhas: 60 Folhas<br \/>\nDimens\u00f5es: A5<\/p>\n","protected":false},"excerpt":{"rendered":"<p>O design ultraflex\u00edvel do caderno M by Staples\u00ae ARC permite-lhe adicionar, retirar e reorganizar p\u00e1ginas e acess\u00f3rios de acordo com as suas necessidades. Organize todas as suas notas, tarefas e agenda com o sistema de organiza\u00e7\u00e3o personaliz\u00e1vel M by Staples\u00ae ARC. O design inteligente do ARC permite uma f\u00e1cil personaliza\u00e7\u00e3o, podendo ser utilizado como di\u00e1rio [&hellip;]<\/p>\n","protected":false},"featured_media":6399,"template":"","meta":[],"product_cat":[74],"product_tag":[],"_links":{"self":[{"href":"https:\/\/simoffice.pt\/index.php\/wp-json\/wp\/v2\/product\/6397"}],"collection":[{"href":"https:\/\/simoffice.pt\/index.php\/wp-json\/wp\/v2\/product"}],"about":[{"href":"https:\/\/simoffice.pt\/index.php\/wp-json\/wp\/v2\/types\/product"}],"wp:featuredmedia":[{"embeddable":true,"href":"https:\/\/simoffice.pt\/index.php\/wp-json\/wp\/v2\/media\/6399"}],"wp:attachment":[{"href":"https:\/\/simoffice.pt\/index.php\/wp-json\/wp\/v2\/media?parent=6397"}],"wp:term":[{"taxonomy":"product_cat","embeddable":true,"href":"https:\/\/simoffice.pt\/index.php\/wp-json\/wp\/v2\/product_cat?post=6397"},{"taxonomy":"product_tag","embeddable":true,"href":"https:\/\/simoffice.pt\/index.php\/wp-json\/wp\/v2\/product_tag?post=6397"}],"curies":[{"name":"wp","href":"https:\/\/api.w.org\/{rel}","templated":true}]}}