{"id":6396,"date":"2022-07-04T16:07:59","date_gmt":"2022-07-04T16:07:59","guid":{"rendered":"https:\/\/simoffice.pt\/index.php\/product\/rolo-de-senhas-de-vez-azul-5-unidades\/"},"modified":"2022-07-04T16:08:09","modified_gmt":"2022-07-04T16:08:09","slug":"rolo-de-senhas-de-vez-azul-5-unidades","status":"publish","type":"product","link":"https:\/\/simoffice.pt\/index.php\/product\/rolo-de-senhas-de-vez-azul-5-unidades\/","title":{"rendered":"Rolo de Senhas de Vez Azul 5 Unidades"},"content":{"rendered":"<p>Papel resistente.<br \/>\n2 000 senhas de vez para que n\u00e3o tenha de se preocupar com recargas t\u00e3o cedo. O papel \u00e9 resistente e suave.<br \/>\nMarca: Albano Alves<br \/>\nTipo: 2.000 senhas de Vez<\/p>\n","protected":false},"excerpt":{"rendered":"<p>Papel resistente. 2 000 senhas de vez para que n\u00e3o tenha de se preocupar com recargas t\u00e3o cedo. O papel \u00e9 resistente e suave. Marca: Albano Alves Tipo: 2.000 senhas de Vez<\/p>\n","protected":false},"featured_media":6398,"template":"","meta":[],"product_cat":[74],"product_tag":[],"_links":{"self":[{"href":"https:\/\/simoffice.pt\/index.php\/wp-json\/wp\/v2\/product\/6396"}],"collection":[{"href":"https:\/\/simoffice.pt\/index.php\/wp-json\/wp\/v2\/product"}],"about":[{"href":"https:\/\/simoffice.pt\/index.php\/wp-json\/wp\/v2\/types\/product"}],"wp:featuredmedia":[{"embeddable":true,"href":"https:\/\/simoffice.pt\/index.php\/wp-json\/wp\/v2\/media\/6398"}],"wp:attachment":[{"href":"https:\/\/simoffice.pt\/index.php\/wp-json\/wp\/v2\/media?parent=6396"}],"wp:term":[{"taxonomy":"product_cat","embeddable":true,"href":"https:\/\/simoffice.pt\/index.php\/wp-json\/wp\/v2\/product_cat?post=6396"},{"taxonomy":"product_tag","embeddable":true,"href":"https:\/\/simoffice.pt\/index.php\/wp-json\/wp\/v2\/product_tag?post=6396"}],"curies":[{"name":"wp","href":"https:\/\/api.w.org\/{rel}","templated":true}]}}