{"id":6390,"date":"2022-07-04T16:07:37","date_gmt":"2022-07-04T16:07:37","guid":{"rendered":"https:\/\/simoffice.pt\/index.php\/product\/kingston-microsdxc-64gb-canvas-go-class-10-uhs-i-u3-sd-adapter\/"},"modified":"2022-07-04T16:07:42","modified_gmt":"2022-07-04T16:07:42","slug":"kingston-microsdxc-64gb-canvas-go-class-10-uhs-i-u3-sd-adapter","status":"publish","type":"product","link":"https:\/\/simoffice.pt\/index.php\/product\/kingston-microsdxc-64gb-canvas-go-class-10-uhs-i-u3-sd-adapter\/","title":{"rendered":"Kingston MicroSDXC 64GB Canvas Go! Class 10 UHS-I U3  + SD Adapter"},"content":{"rendered":"<p>Detalhes t\u00e9cnicos<br \/>\nDimens\u00f5es do adaptador SD (L x P x A) 24 x 2,1 x 32 mm<br \/>\nMem\u00f3ria<br \/>\nCapacidade 64 GB<br \/>\nTipo de flash card MicroSDXC<br \/>\nClasse de mem\u00f3ria flash Cl\u00e1ss 10<br \/>\nVelocidade de leitura, suporte 90 MB\/s<br \/>\nVelocidade de escrita 45 MB\/s<br \/>\nTipo de mem\u00f3ria incorporada UHS-I<br \/>\nClasse de velocidade UHS Class 3 (U3)<br \/>\nPesos e dimens\u00f5es<br \/>\nLargura do produto 11 mm<br \/>\nProfundidade da Unidade 1 mm<br \/>\nAltura da Unidade 15 mm<br \/>\nGest\u00e3o de energia<br \/>\nVoltagem de mem\u00f3ria 3.3 V<br \/>\nCondi\u00e7\u00f5es ambientais<br \/>\nTemperatura ambiente -25 &#8211; 85 \u00b0C<br \/>\nLimite de temperaturas (armazenamento) -40 &#8211; 85 \u00b0C<br \/>\nEmbalagem<br \/>\nAdaptador de mem\u00f3ria inclu\u00eddo SD<br \/>\nQuantidade por pack 1<br \/>\nTipo de embalagem Pl\u00e1stico de bolhas<br \/>\nOutras caracter\u00edsticas<br \/>\nSistemas de ficheiros suportados FAT32,exFAT<br \/>\nDesign<br \/>\nCor da caixa Preto<br \/>\nProtec\u00e7\u00e3o de caracter\u00edsticas Resistente ao choque, Resistente \u00e0 temperatura, \u00c0 prova de vibra\u00e7\u00e3o, \u00c0 prova de \u00e1gua, \u00c0 prova de raiox-X<br \/>\nAprova\u00e7\u00f5es Regulamentares FCC, VCCI, CE<br \/>\nHumidade: \u00c0 prova de \u00e1gua at\u00e9 1 m<br \/>\nDesempenho<br \/>\nProtec\u00e7\u00e3o contra grava\u00e7\u00e3o<br \/>\nC\u00f3digo de protecc\u00e3o internacional (IP) IPX7 <\/p>\n","protected":false},"excerpt":{"rendered":"<p>Detalhes t\u00e9cnicos Dimens\u00f5es do adaptador SD (L x P x A) 24 x 2,1 x 32 mm Mem\u00f3ria Capacidade 64 GB Tipo de flash card MicroSDXC Classe de mem\u00f3ria flash Cl\u00e1ss 10 Velocidade de leitura, suporte 90 MB\/s Velocidade de escrita 45 MB\/s Tipo de mem\u00f3ria incorporada UHS-I Classe de velocidade UHS Class 3 (U3) [&hellip;]<\/p>\n","protected":false},"featured_media":6391,"template":"","meta":[],"product_cat":[75],"product_tag":[],"_links":{"self":[{"href":"https:\/\/simoffice.pt\/index.php\/wp-json\/wp\/v2\/product\/6390"}],"collection":[{"href":"https:\/\/simoffice.pt\/index.php\/wp-json\/wp\/v2\/product"}],"about":[{"href":"https:\/\/simoffice.pt\/index.php\/wp-json\/wp\/v2\/types\/product"}],"wp:featuredmedia":[{"embeddable":true,"href":"https:\/\/simoffice.pt\/index.php\/wp-json\/wp\/v2\/media\/6391"}],"wp:attachment":[{"href":"https:\/\/simoffice.pt\/index.php\/wp-json\/wp\/v2\/media?parent=6390"}],"wp:term":[{"taxonomy":"product_cat","embeddable":true,"href":"https:\/\/simoffice.pt\/index.php\/wp-json\/wp\/v2\/product_cat?post=6390"},{"taxonomy":"product_tag","embeddable":true,"href":"https:\/\/simoffice.pt\/index.php\/wp-json\/wp\/v2\/product_tag?post=6390"}],"curies":[{"name":"wp","href":"https:\/\/api.w.org\/{rel}","templated":true}]}}