{"id":6382,"date":"2022-07-04T16:07:10","date_gmt":"2022-07-04T16:07:10","guid":{"rendered":"https:\/\/simoffice.pt\/index.php\/product\/leitor-cartao-cidadao-trust-dnie-21111\/"},"modified":"2022-07-04T16:07:17","modified_gmt":"2022-07-04T16:07:17","slug":"leitor-cartao-cidadao-trust-dnie-21111","status":"publish","type":"product","link":"https:\/\/simoffice.pt\/index.php\/product\/leitor-cartao-cidadao-trust-dnie-21111\/","title":{"rendered":"Leitor cart\u00e3o cidad\u00e3o TRUST DNIe &#8211; 21111"},"content":{"rendered":"<p>Trust DNIe. Conectividade de s\u00e9rie: USB 2.0. Largura: 85,2 mm, Profundidade da caixa: 26,5 mm, Altura da caixa: 65 mm. Sistema operativo Windows suportado: Windows 10 Education, Windows 10 Education x64, Windows 10 Enterprise, Windows 10 Enterprise x64, Wi<\/p>\n","protected":false},"excerpt":{"rendered":"<p>Trust DNIe. Conectividade de s\u00e9rie: USB 2.0. Largura: 85,2 mm, Profundidade da caixa: 26,5 mm, Altura da caixa: 65 mm. Sistema operativo Windows suportado: Windows 10 Education, Windows 10 Education x64, Windows 10 Enterprise, Windows 10 Enterprise x64, Wi<\/p>\n","protected":false},"featured_media":6383,"template":"","meta":[],"product_cat":[75],"product_tag":[],"_links":{"self":[{"href":"https:\/\/simoffice.pt\/index.php\/wp-json\/wp\/v2\/product\/6382"}],"collection":[{"href":"https:\/\/simoffice.pt\/index.php\/wp-json\/wp\/v2\/product"}],"about":[{"href":"https:\/\/simoffice.pt\/index.php\/wp-json\/wp\/v2\/types\/product"}],"wp:featuredmedia":[{"embeddable":true,"href":"https:\/\/simoffice.pt\/index.php\/wp-json\/wp\/v2\/media\/6383"}],"wp:attachment":[{"href":"https:\/\/simoffice.pt\/index.php\/wp-json\/wp\/v2\/media?parent=6382"}],"wp:term":[{"taxonomy":"product_cat","embeddable":true,"href":"https:\/\/simoffice.pt\/index.php\/wp-json\/wp\/v2\/product_cat?post=6382"},{"taxonomy":"product_tag","embeddable":true,"href":"https:\/\/simoffice.pt\/index.php\/wp-json\/wp\/v2\/product_tag?post=6382"}],"curies":[{"name":"wp","href":"https:\/\/api.w.org\/{rel}","templated":true}]}}