{"id":6378,"date":"2022-07-04T16:06:55","date_gmt":"2022-07-04T16:06:55","guid":{"rendered":"https:\/\/simoffice.pt\/index.php\/product\/concetronic-rato-optico-travel-wireless-preto\/"},"modified":"2022-07-04T16:07:03","modified_gmt":"2022-07-04T16:07:03","slug":"concetronic-rato-optico-travel-wireless-preto","status":"publish","type":"product","link":"https:\/\/simoffice.pt\/index.php\/product\/concetronic-rato-optico-travel-wireless-preto\/","title":{"rendered":"Concetronic rato Optico Travel Wireless Preto"},"content":{"rendered":"<p>Conceptronic CLLMWLTRA. Interface de dispositivo: RF Wireless, Prop\u00f3sito: Travel, Tipo de bot\u00f5es: Pressed buttons. Cor da caixa: Preto, Estrutura: Ambidestro, Interface receptor wireless: USB. Fonte de alimenta\u00e7\u00e3o: Baterias, Tipo de bateria: AA. Largura do produto: 10,1 cm, Profundidade da Unidade: 5,86 cm, Altura da Unidade: 3,69 cm. Tipo de embalagem: Pl\u00e1stico de bolhas<\/p>\n","protected":false},"excerpt":{"rendered":"<p>Conceptronic CLLMWLTRA. Interface de dispositivo: RF Wireless, Prop\u00f3sito: Travel, Tipo de bot\u00f5es: Pressed buttons. Cor da caixa: Preto, Estrutura: Ambidestro, Interface receptor wireless: USB. Fonte de alimenta\u00e7\u00e3o: Baterias, Tipo de bateria: AA. Largura do produto: 10,1 cm, Profundidade da Unidade: 5,86 cm, Altura da Unidade: 3,69 cm. Tipo de embalagem: Pl\u00e1stico de bolhas<\/p>\n","protected":false},"featured_media":6379,"template":"","meta":[],"product_cat":[75],"product_tag":[],"_links":{"self":[{"href":"https:\/\/simoffice.pt\/index.php\/wp-json\/wp\/v2\/product\/6378"}],"collection":[{"href":"https:\/\/simoffice.pt\/index.php\/wp-json\/wp\/v2\/product"}],"about":[{"href":"https:\/\/simoffice.pt\/index.php\/wp-json\/wp\/v2\/types\/product"}],"wp:featuredmedia":[{"embeddable":true,"href":"https:\/\/simoffice.pt\/index.php\/wp-json\/wp\/v2\/media\/6379"}],"wp:attachment":[{"href":"https:\/\/simoffice.pt\/index.php\/wp-json\/wp\/v2\/media?parent=6378"}],"wp:term":[{"taxonomy":"product_cat","embeddable":true,"href":"https:\/\/simoffice.pt\/index.php\/wp-json\/wp\/v2\/product_cat?post=6378"},{"taxonomy":"product_tag","embeddable":true,"href":"https:\/\/simoffice.pt\/index.php\/wp-json\/wp\/v2\/product_tag?post=6378"}],"curies":[{"name":"wp","href":"https:\/\/api.w.org\/{rel}","templated":true}]}}