{"id":6334,"date":"2022-07-04T16:04:43","date_gmt":"2022-07-04T16:04:43","guid":{"rendered":"https:\/\/simoffice.pt\/index.php\/product\/lapis-cor-18cm-giotto-elios-triangular-caixa-12un\/"},"modified":"2022-07-04T16:04:49","modified_gmt":"2022-07-04T16:04:49","slug":"lapis-cor-18cm-giotto-elios-triangular-caixa-12un","status":"publish","type":"product","link":"https:\/\/simoffice.pt\/index.php\/product\/lapis-cor-18cm-giotto-elios-triangular-caixa-12un\/","title":{"rendered":"Lapis Cor 18cm Giotto Elios Triangular Caixa 12un"},"content":{"rendered":"<p>L\u00e1pis triangular, sem madeira, com mina extra resistente de \u00d83,3mm. F\u00e1cil e afiar, n\u00e3o produz fragmentos se quebrar.<\/p>\n","protected":false},"excerpt":{"rendered":"<p>L\u00e1pis triangular, sem madeira, com mina extra resistente de \u00d83,3mm. F\u00e1cil e afiar, n\u00e3o produz fragmentos se quebrar.<\/p>\n","protected":false},"featured_media":6335,"template":"","meta":[],"product_cat":[74],"product_tag":[],"_links":{"self":[{"href":"https:\/\/simoffice.pt\/index.php\/wp-json\/wp\/v2\/product\/6334"}],"collection":[{"href":"https:\/\/simoffice.pt\/index.php\/wp-json\/wp\/v2\/product"}],"about":[{"href":"https:\/\/simoffice.pt\/index.php\/wp-json\/wp\/v2\/types\/product"}],"wp:featuredmedia":[{"embeddable":true,"href":"https:\/\/simoffice.pt\/index.php\/wp-json\/wp\/v2\/media\/6335"}],"wp:attachment":[{"href":"https:\/\/simoffice.pt\/index.php\/wp-json\/wp\/v2\/media?parent=6334"}],"wp:term":[{"taxonomy":"product_cat","embeddable":true,"href":"https:\/\/simoffice.pt\/index.php\/wp-json\/wp\/v2\/product_cat?post=6334"},{"taxonomy":"product_tag","embeddable":true,"href":"https:\/\/simoffice.pt\/index.php\/wp-json\/wp\/v2\/product_tag?post=6334"}],"curies":[{"name":"wp","href":"https:\/\/api.w.org\/{rel}","templated":true}]}}