{"id":6314,"date":"2022-07-04T16:03:44","date_gmt":"2022-07-04T16:03:44","guid":{"rendered":"https:\/\/simoffice.pt\/index.php\/product\/lg-videoprojector-led-ph30jg-hd-250-lumens-bateria-4h\/"},"modified":"2022-07-04T16:03:49","modified_gmt":"2022-07-04T16:03:49","slug":"lg-videoprojector-led-ph30jg-hd-250-lumens-bateria-4h","status":"publish","type":"product","link":"https:\/\/simoffice.pt\/index.php\/product\/lg-videoprojector-led-ph30jg-hd-250-lumens-bateria-4h\/","title":{"rendered":"LG Videoprojector LED PH30JG HD 250 Lumens Bateria 4H"},"content":{"rendered":"<p>Bateria embutida (at\u00e9 4 horas); Screen Share (com dispositivo de suporte Miracast, WiDi); Sa\u00edda de som Bluetooth; At\u00e9 250 Lumens; 30 mil horas de vida da l\u00e2mpada (LED RGB); Entrada HDMI, USB e USB Tipo-C<\/p>\n","protected":false},"excerpt":{"rendered":"<p>Bateria embutida (at\u00e9 4 horas); Screen Share (com dispositivo de suporte Miracast, WiDi); Sa\u00edda de som Bluetooth; At\u00e9 250 Lumens; 30 mil horas de vida da l\u00e2mpada (LED RGB); Entrada HDMI, USB e USB Tipo-C<\/p>\n","protected":false},"featured_media":6315,"template":"","meta":[],"product_cat":[76],"product_tag":[],"_links":{"self":[{"href":"https:\/\/simoffice.pt\/index.php\/wp-json\/wp\/v2\/product\/6314"}],"collection":[{"href":"https:\/\/simoffice.pt\/index.php\/wp-json\/wp\/v2\/product"}],"about":[{"href":"https:\/\/simoffice.pt\/index.php\/wp-json\/wp\/v2\/types\/product"}],"wp:featuredmedia":[{"embeddable":true,"href":"https:\/\/simoffice.pt\/index.php\/wp-json\/wp\/v2\/media\/6315"}],"wp:attachment":[{"href":"https:\/\/simoffice.pt\/index.php\/wp-json\/wp\/v2\/media?parent=6314"}],"wp:term":[{"taxonomy":"product_cat","embeddable":true,"href":"https:\/\/simoffice.pt\/index.php\/wp-json\/wp\/v2\/product_cat?post=6314"},{"taxonomy":"product_tag","embeddable":true,"href":"https:\/\/simoffice.pt\/index.php\/wp-json\/wp\/v2\/product_tag?post=6314"}],"curies":[{"name":"wp","href":"https:\/\/api.w.org\/{rel}","templated":true}]}}