{"id":6312,"date":"2022-07-04T16:03:40","date_gmt":"2022-07-04T16:03:40","guid":{"rendered":"https:\/\/simoffice.pt\/index.php\/product\/asus-monitor-led-27-rog-pg278qr-wide\/"},"modified":"2022-07-04T16:03:45","modified_gmt":"2022-07-04T16:03:45","slug":"asus-monitor-led-27-rog-pg278qr-wide","status":"publish","type":"product","link":"https:\/\/simoffice.pt\/index.php\/product\/asus-monitor-led-27-rog-pg278qr-wide\/","title":{"rendered":"Asus Monitor LED 27&#8243; ROG PG278QR Wide"},"content":{"rendered":"<p>Wide Screen 27.0&#8243;(68.47cm) Auto; 2560&#215;1440; Brilho(M\u00e1x) : 350 cd\/?; \u00c2ngulo de Visualiza\u00e7\u00e3o (CR?10) : 170\u00b0(H)\/160\u00b0(V); 1ms Tempo de Resposta; ASUS Smart Contrast Ratio (ASCR) : 1000:1; Suporte HDCP; Entrada de Sinal : DisplayPort 1.2; Porta(s) USB : 3.0&#215;2; Frequ\u00eancia do Sinal Digital : 89~222KHz(H)\/50~144Hz(V); Cor: Preto<\/p>\n","protected":false},"excerpt":{"rendered":"<p>Wide Screen 27.0&#8243;(68.47cm) Auto; 2560&#215;1440; Brilho(M\u00e1x) : 350 cd\/?; \u00c2ngulo de Visualiza\u00e7\u00e3o (CR?10) : 170\u00b0(H)\/160\u00b0(V); 1ms Tempo de Resposta; ASUS Smart Contrast Ratio (ASCR) : 1000:1; Suporte HDCP; Entrada de Sinal : DisplayPort 1.2; Porta(s) USB : 3.0&#215;2; Frequ\u00eancia do Sinal Digital : 89~222KHz(H)\/50~144Hz(V); Cor: Preto<\/p>\n","protected":false},"featured_media":6313,"template":"","meta":[],"product_cat":[75],"product_tag":[],"_links":{"self":[{"href":"https:\/\/simoffice.pt\/index.php\/wp-json\/wp\/v2\/product\/6312"}],"collection":[{"href":"https:\/\/simoffice.pt\/index.php\/wp-json\/wp\/v2\/product"}],"about":[{"href":"https:\/\/simoffice.pt\/index.php\/wp-json\/wp\/v2\/types\/product"}],"wp:featuredmedia":[{"embeddable":true,"href":"https:\/\/simoffice.pt\/index.php\/wp-json\/wp\/v2\/media\/6313"}],"wp:attachment":[{"href":"https:\/\/simoffice.pt\/index.php\/wp-json\/wp\/v2\/media?parent=6312"}],"wp:term":[{"taxonomy":"product_cat","embeddable":true,"href":"https:\/\/simoffice.pt\/index.php\/wp-json\/wp\/v2\/product_cat?post=6312"},{"taxonomy":"product_tag","embeddable":true,"href":"https:\/\/simoffice.pt\/index.php\/wp-json\/wp\/v2\/product_tag?post=6312"}],"curies":[{"name":"wp","href":"https:\/\/api.w.org\/{rel}","templated":true}]}}