{"id":6284,"date":"2022-07-04T16:02:07","date_gmt":"2022-07-04T16:02:07","guid":{"rendered":"https:\/\/simoffice.pt\/index.php\/product\/espremedor-proficook-pc-zp-1154\/"},"modified":"2022-07-04T16:02:14","modified_gmt":"2022-07-04T16:02:14","slug":"espremedor-proficook-pc-zp-1154","status":"publish","type":"product","link":"https:\/\/simoffice.pt\/index.php\/product\/espremedor-proficook-pc-zp-1154\/","title":{"rendered":"Espremedor Proficook PC-ZP 1154"},"content":{"rendered":"<p>otalmente desmont\u00e1vel para f\u00e1cil limpeza e adequado para lavar na m\u00e1quina da loi\u00e7a. Espremedor de citrinos com motor de 160W, dois cones de press\u00e3o,filtro em inox, biqueira com fun\u00e7\u00e3o anti pingos<\/p>\n","protected":false},"excerpt":{"rendered":"<p>otalmente desmont\u00e1vel para f\u00e1cil limpeza e adequado para lavar na m\u00e1quina da loi\u00e7a. Espremedor de citrinos com motor de 160W, dois cones de press\u00e3o,filtro em inox, biqueira com fun\u00e7\u00e3o anti pingos<\/p>\n","protected":false},"featured_media":6285,"template":"","meta":[],"product_cat":[78],"product_tag":[],"_links":{"self":[{"href":"https:\/\/simoffice.pt\/index.php\/wp-json\/wp\/v2\/product\/6284"}],"collection":[{"href":"https:\/\/simoffice.pt\/index.php\/wp-json\/wp\/v2\/product"}],"about":[{"href":"https:\/\/simoffice.pt\/index.php\/wp-json\/wp\/v2\/types\/product"}],"wp:featuredmedia":[{"embeddable":true,"href":"https:\/\/simoffice.pt\/index.php\/wp-json\/wp\/v2\/media\/6285"}],"wp:attachment":[{"href":"https:\/\/simoffice.pt\/index.php\/wp-json\/wp\/v2\/media?parent=6284"}],"wp:term":[{"taxonomy":"product_cat","embeddable":true,"href":"https:\/\/simoffice.pt\/index.php\/wp-json\/wp\/v2\/product_cat?post=6284"},{"taxonomy":"product_tag","embeddable":true,"href":"https:\/\/simoffice.pt\/index.php\/wp-json\/wp\/v2\/product_tag?post=6284"}],"curies":[{"name":"wp","href":"https:\/\/api.w.org\/{rel}","templated":true}]}}