{"id":6270,"date":"2022-07-04T16:01:23","date_gmt":"2022-07-04T16:01:23","guid":{"rendered":"https:\/\/simoffice.pt\/index.php\/product\/lg-led-tv-49-fhd-pro-centric-smarttv-hospitality-49lv661h\/"},"modified":"2022-07-04T16:01:29","modified_gmt":"2022-07-04T16:01:29","slug":"lg-led-tv-49-fhd-pro-centric-smarttv-hospitality-49lv661h","status":"publish","type":"product","link":"https:\/\/simoffice.pt\/index.php\/product\/lg-led-tv-49-fhd-pro-centric-smarttv-hospitality-49lv661h\/","title":{"rendered":"LG LED TV 49&#8243; FHD Pro Centric SmartTV Hospitality 49LV661H"},"content":{"rendered":"<p>LG 49LV661H. Tamanho do ecr\u00e3 na diagonal (pol.): 124,5 cm (49&#8243;), Resolu\u00e7\u00e3o: 1920 x 1080 pixels, Tipo de HD: Full HD, Tecnologia de apresenta\u00e7\u00e3o: Direct-LED, Formato do ecr\u00e3: Plano, Luminosidade: 400 cd\/m\u00b2, R\u00e1cio de aspecto: 4:3, 16:9. Sistema de formato de sinal digital: DVB-C,DVB-S2,DVB-T2. Ethernet LAN. Cor da caixa: Preto<\/p>\n","protected":false},"excerpt":{"rendered":"<p>LG 49LV661H. Tamanho do ecr\u00e3 na diagonal (pol.): 124,5 cm (49&#8243;), Resolu\u00e7\u00e3o: 1920 x 1080 pixels, Tipo de HD: Full HD, Tecnologia de apresenta\u00e7\u00e3o: Direct-LED, Formato do ecr\u00e3: Plano, Luminosidade: 400 cd\/m\u00b2, R\u00e1cio de aspecto: 4:3, 16:9. Sistema de formato de sinal digital: DVB-C,DVB-S2,DVB-T2. Ethernet LAN. Cor da caixa: Preto<\/p>\n","protected":false},"featured_media":6271,"template":"","meta":[],"product_cat":[76],"product_tag":[],"_links":{"self":[{"href":"https:\/\/simoffice.pt\/index.php\/wp-json\/wp\/v2\/product\/6270"}],"collection":[{"href":"https:\/\/simoffice.pt\/index.php\/wp-json\/wp\/v2\/product"}],"about":[{"href":"https:\/\/simoffice.pt\/index.php\/wp-json\/wp\/v2\/types\/product"}],"wp:featuredmedia":[{"embeddable":true,"href":"https:\/\/simoffice.pt\/index.php\/wp-json\/wp\/v2\/media\/6271"}],"wp:attachment":[{"href":"https:\/\/simoffice.pt\/index.php\/wp-json\/wp\/v2\/media?parent=6270"}],"wp:term":[{"taxonomy":"product_cat","embeddable":true,"href":"https:\/\/simoffice.pt\/index.php\/wp-json\/wp\/v2\/product_cat?post=6270"},{"taxonomy":"product_tag","embeddable":true,"href":"https:\/\/simoffice.pt\/index.php\/wp-json\/wp\/v2\/product_tag?post=6270"}],"curies":[{"name":"wp","href":"https:\/\/api.w.org\/{rel}","templated":true}]}}