{"id":6268,"date":"2022-07-04T16:01:19","date_gmt":"2022-07-04T16:01:19","guid":{"rendered":"https:\/\/simoffice.pt\/index.php\/product\/lg-led-tv-32-hd-hdmi-usb-mode-hotel-32lv300c\/"},"modified":"2022-07-04T16:01:25","modified_gmt":"2022-07-04T16:01:25","slug":"lg-led-tv-32-hd-hdmi-usb-mode-hotel-32lv300c","status":"publish","type":"product","link":"https:\/\/simoffice.pt\/index.php\/product\/lg-led-tv-32-hd-hdmi-usb-mode-hotel-32lv300c\/","title":{"rendered":"LG LED TV 32&#8243; HD HDMI USB Mode Hotel 32LV300C"},"content":{"rendered":"<p>Lg Modo Hotel Avan\u00e7ado; Modo Display Publico &#8211; Auto USB Play de V\u00eddeo e de Imagens; Calendariza\u00e7\u00e3o de ON\/OFF; Auto Recovery; bloqueio de controlo de infravermelhos e bloqueio das teclas de controlo 1x RF\/1x HDMI\/1x USB\/ 1x Componentes\/RS232C\/Headphones Out\/Transformador AC Interno<\/p>\n","protected":false},"excerpt":{"rendered":"<p>Lg Modo Hotel Avan\u00e7ado; Modo Display Publico &#8211; Auto USB Play de V\u00eddeo e de Imagens; Calendariza\u00e7\u00e3o de ON\/OFF; Auto Recovery; bloqueio de controlo de infravermelhos e bloqueio das teclas de controlo 1x RF\/1x HDMI\/1x USB\/ 1x Componentes\/RS232C\/Headphones Out\/Transformador AC Interno<\/p>\n","protected":false},"featured_media":6269,"template":"","meta":[],"product_cat":[76],"product_tag":[],"_links":{"self":[{"href":"https:\/\/simoffice.pt\/index.php\/wp-json\/wp\/v2\/product\/6268"}],"collection":[{"href":"https:\/\/simoffice.pt\/index.php\/wp-json\/wp\/v2\/product"}],"about":[{"href":"https:\/\/simoffice.pt\/index.php\/wp-json\/wp\/v2\/types\/product"}],"wp:featuredmedia":[{"embeddable":true,"href":"https:\/\/simoffice.pt\/index.php\/wp-json\/wp\/v2\/media\/6269"}],"wp:attachment":[{"href":"https:\/\/simoffice.pt\/index.php\/wp-json\/wp\/v2\/media?parent=6268"}],"wp:term":[{"taxonomy":"product_cat","embeddable":true,"href":"https:\/\/simoffice.pt\/index.php\/wp-json\/wp\/v2\/product_cat?post=6268"},{"taxonomy":"product_tag","embeddable":true,"href":"https:\/\/simoffice.pt\/index.php\/wp-json\/wp\/v2\/product_tag?post=6268"}],"curies":[{"name":"wp","href":"https:\/\/api.w.org\/{rel}","templated":true}]}}