{"id":6266,"date":"2022-07-04T16:01:12","date_gmt":"2022-07-04T16:01:12","guid":{"rendered":"https:\/\/simoffice.pt\/index.php\/product\/hp-pro-display-p223-21-5-monitor\/"},"modified":"2022-07-04T16:01:17","modified_gmt":"2022-07-04T16:01:17","slug":"hp-pro-display-p223-21-5-monitor","status":"publish","type":"product","link":"https:\/\/simoffice.pt\/index.php\/product\/hp-pro-display-p223-21-5-monitor\/","title":{"rendered":"HP Pro Display P223 21.5&#8243; Monitor"},"content":{"rendered":"<p>Detalhes t\u00e9cnicos<br \/>\nGarantia 3 anos, incluindo 3 anos para pe\u00e7as e m\u00e3o-de-obra<br \/>\nEAN 0190780043981<br \/>\nMonitores<br \/>\nTamanho do ecr\u00e3 na diagonal ( 21.5&#8243; (546 mm)<br \/>\nTempo de resposta (t\u00edpico) 5 ms<br \/>\nLuminosidade 250 cd\/m\u00b2<br \/>\nResolu\u00e7\u00e3o 1920 x 1080 @ 60 Hz &#8211; FHD<br \/>\nDisplay VA com retroilumina\u00e7\u00e3o LED<br \/>\nR\u00e1cio de contraste (t\u00edpico) 3000:1<br \/>\nContrast ratio (dynamic) 5.000.000:1<br \/>\n\u00c2ngulo de vis\u00e3o (horizontal) 178\u00ba<br \/>\n\u00c2ngulo de vis\u00e3o (vertical) 178\u00ba<br \/>\nDensidade de p\u00edxeis 0.248 mm<br \/>\nR\u00e1cio de aspecto 16:9<br \/>\nHDCP Suporte<br \/>\nSupported graphics resolutions 1920 x 1080, 1680 x 1050, 1600 x 900, 1440 x 900, 1280 x 1024, 1280 x 800, 1280 x 720, 1024 x 768, 800 x 600, 720 x 400, 640 x 480<br \/>\nTamanho vis\u00edvel, horizontal 476 mm<br \/>\nTamanho vis\u00edvel, vertical 267.7 mm<br \/>\nConectividade<br \/>\nQuantidade de portas VGA 1 x VGA<br \/>\nDisplayPort 1 x 1 DisplayPort (1.2)<br \/>\nPesos e dimens\u00f5es<br \/>\nDimens\u00f5es do produto (LxPxA) 515 x 54.9 x 327 mm<br \/>\nDimens\u00f5es, m\u00e9tricas com suport 515 x 191.2 x 389 mm<br \/>\nPeso do produto (+suporte) 3.5 kg<br \/>\nGest\u00e3o de energia<br \/>\nConsumo de energia 20 W<br \/>\nConsumo de energia em modo de 0.5 W<br \/>\nConsumo de energia (desligado) 0,3 W<br \/>\nCorrente 100 a 240 V CA<br \/>\nClasse de efici\u00eancia energ\u00e9tic A<br \/>\nConsumo de energia (m\u00e9dia) 27.4 kWh<br \/>\nCor<br \/>\nCor da caixa Preto<br \/>\nErgonomia<br \/>\nMontagem VESA 100 x 100 mm<br \/>\nInclina\u00e7\u00e3o -5 a +22\u00b0<br \/>\nConte\u00fado da embalagem<br \/>\nManual do Utilizador<br \/>\nGuia de inicia\u00e7\u00e3o r\u00e1pida<br \/>\nCabos Cabo de alimenta\u00e7\u00e3o CA, Cabo VGA, Cabo DisplayPort <\/p>\n","protected":false},"excerpt":{"rendered":"<p>Detalhes t\u00e9cnicos Garantia 3 anos, incluindo 3 anos para pe\u00e7as e m\u00e3o-de-obra EAN 0190780043981 Monitores Tamanho do ecr\u00e3 na diagonal ( 21.5&#8243; (546 mm) Tempo de resposta (t\u00edpico) 5 ms Luminosidade 250 cd\/m\u00b2 Resolu\u00e7\u00e3o 1920 x 1080 @ 60 Hz &#8211; FHD Display VA com retroilumina\u00e7\u00e3o LED R\u00e1cio de contraste (t\u00edpico) 3000:1 Contrast ratio (dynamic) [&hellip;]<\/p>\n","protected":false},"featured_media":6267,"template":"","meta":[],"product_cat":[75],"product_tag":[],"_links":{"self":[{"href":"https:\/\/simoffice.pt\/index.php\/wp-json\/wp\/v2\/product\/6266"}],"collection":[{"href":"https:\/\/simoffice.pt\/index.php\/wp-json\/wp\/v2\/product"}],"about":[{"href":"https:\/\/simoffice.pt\/index.php\/wp-json\/wp\/v2\/types\/product"}],"wp:featuredmedia":[{"embeddable":true,"href":"https:\/\/simoffice.pt\/index.php\/wp-json\/wp\/v2\/media\/6267"}],"wp:attachment":[{"href":"https:\/\/simoffice.pt\/index.php\/wp-json\/wp\/v2\/media?parent=6266"}],"wp:term":[{"taxonomy":"product_cat","embeddable":true,"href":"https:\/\/simoffice.pt\/index.php\/wp-json\/wp\/v2\/product_cat?post=6266"},{"taxonomy":"product_tag","embeddable":true,"href":"https:\/\/simoffice.pt\/index.php\/wp-json\/wp\/v2\/product_tag?post=6266"}],"curies":[{"name":"wp","href":"https:\/\/api.w.org\/{rel}","templated":true}]}}