{"id":6252,"date":"2022-07-04T16:00:27","date_gmt":"2022-07-04T16:00:27","guid":{"rendered":"https:\/\/simoffice.pt\/index.php\/product\/epson-impressora-multifuncoes-jacto-de-tinta-expression-pr4emium-xp-540\/"},"modified":"2022-07-04T16:00:33","modified_gmt":"2022-07-04T16:00:33","slug":"epson-impressora-multifuncoes-jacto-de-tinta-expression-pr4emium-xp-540","status":"publish","type":"product","link":"https:\/\/simoffice.pt\/index.php\/product\/epson-impressora-multifuncoes-jacto-de-tinta-expression-pr4emium-xp-540\/","title":{"rendered":"Epson Impressora Multifun\u00e7\u00f5es Jacto de Tinta Expression Pr4emium XP-540"},"content":{"rendered":"<p>M\u00e9todo de impress\u00e3o; Cabe\u00e7a de Impress\u00e3o Epson Micro Piezo; Configura\u00e7\u00e3o dos injectores ; 360 Injectores preto, 180 Injectores por cor; Tamanho de gota m\u00ednimo<\/p>\n<p>1,5 pl, Com tecnologia de got\u00edculas de dimens\u00f5es vari\u00e1veis;Tecnologia de tinta Epson Claria Premium Ink ; Resolu\u00e7\u00e3o de impress\u00e3o 5.760 x 1.440 dpi ;Categoria<\/p>\n<p>Consumo, Foto;Multifun\u00e7\u00f5es Impress\u00e3o, Digitalizar, C\u00f3pia Velocidade de impress\u00e3o ISO\/IEC 24734 9,5 P\u00e1ginas\/min Monocrom\u00e1tico, 9 P\u00e1ginas\/min Cor;Velocidade de impress\u00e3o 32 P\u00e1ginas\/min Monocrom\u00e1tico (papel normal 75 g\/m\u00b2), 32 P\u00e1ginas\/min Cor (papel normal 75 g\/m\u00b2), 20 Segundos por fotografia de 10 x 15 cm (Epson Premium Glossy Photo Paper);CoresPreto, Preto Foto, Cyan, Amarelo, Magenta<\/p>\n","protected":false},"excerpt":{"rendered":"<p>M\u00e9todo de impress\u00e3o; Cabe\u00e7a de Impress\u00e3o Epson Micro Piezo; Configura\u00e7\u00e3o dos injectores ; 360 Injectores preto, 180 Injectores por cor; Tamanho de gota m\u00ednimo 1,5 pl, Com tecnologia de got\u00edculas de dimens\u00f5es vari\u00e1veis;Tecnologia de tinta Epson Claria Premium Ink ; Resolu\u00e7\u00e3o de impress\u00e3o 5.760 x 1.440 dpi ;Categoria Consumo, Foto;Multifun\u00e7\u00f5es Impress\u00e3o, Digitalizar, C\u00f3pia Velocidade de [&hellip;]<\/p>\n","protected":false},"featured_media":6253,"template":"","meta":[],"product_cat":[75],"product_tag":[],"_links":{"self":[{"href":"https:\/\/simoffice.pt\/index.php\/wp-json\/wp\/v2\/product\/6252"}],"collection":[{"href":"https:\/\/simoffice.pt\/index.php\/wp-json\/wp\/v2\/product"}],"about":[{"href":"https:\/\/simoffice.pt\/index.php\/wp-json\/wp\/v2\/types\/product"}],"wp:featuredmedia":[{"embeddable":true,"href":"https:\/\/simoffice.pt\/index.php\/wp-json\/wp\/v2\/media\/6253"}],"wp:attachment":[{"href":"https:\/\/simoffice.pt\/index.php\/wp-json\/wp\/v2\/media?parent=6252"}],"wp:term":[{"taxonomy":"product_cat","embeddable":true,"href":"https:\/\/simoffice.pt\/index.php\/wp-json\/wp\/v2\/product_cat?post=6252"},{"taxonomy":"product_tag","embeddable":true,"href":"https:\/\/simoffice.pt\/index.php\/wp-json\/wp\/v2\/product_tag?post=6252"}],"curies":[{"name":"wp","href":"https:\/\/api.w.org\/{rel}","templated":true}]}}