{"id":6250,"date":"2022-07-04T16:00:23","date_gmt":"2022-07-04T16:00:23","guid":{"rendered":"https:\/\/simoffice.pt\/index.php\/product\/eaton-ups-9130i-2000t-xl-tower\/"},"modified":"2022-07-04T16:00:29","modified_gmt":"2022-07-04T16:00:29","slug":"eaton-ups-9130i-2000t-xl-tower","status":"publish","type":"product","link":"https:\/\/simoffice.pt\/index.php\/product\/eaton-ups-9130i-2000t-xl-tower\/","title":{"rendered":"Eaton UPS 9130i 2000T XL Tower"},"content":{"rendered":"<p>Detalhes t\u00e9cnicos<br \/>\nEstrutura Torre<br \/>\nMonitores<br \/>\nDisplay LCD<br \/>\nConectividade<br \/>\nQuantidade de portas USB 2.0 1<br \/>\nQuantidade de sa\u00eddas AC 9<br \/>\nFicha C14 coupler<br \/>\nPorta RS-232 1<br \/>\nTipos de AC outlet C13 coupler, C19 coupler<br \/>\nPesos e dimens\u00f5es<br \/>\nPeso do produto 34.5 kg<br \/>\nAltura da Unidade 325 mm<br \/>\nLargura do produto 214 mm<br \/>\nProfundidade da Unidade 410 mm<br \/>\nGest\u00e3o de energia<br \/>\nCorrente (m\u00e1x.) 10 A<br \/>\nCapacidade de energia de sa\u00edda 2000 VA<br \/>\nPot\u00eancia de sa\u00edda 1800 W<br \/>\nFrequ\u00eancia 45\/65 Hz<br \/>\nVoltagem de entrada operativa 276 V<br \/>\nVoltagem de sa\u00edda operativa (m 240 V<br \/>\nEfici\u00eancia 94 %<br \/>\nCrest factor 3:1<br \/>\nFactor pot\u00eancia 0.9<br \/>\nCondi\u00e7\u00f5es ambientais<br \/>\nTemperatura ambiente 0 &#8211; 40 \u00b0C<br \/>\nLimite de temperaturas (armaze -20 &#8211; 40 \u00b0C<br \/>\nGama de humidade relativa 5 &#8211; 90 %<br \/>\nCor<br \/>\nCor da caixa Preto<br \/>\nEmiss\u00e3o de ru\u00eddos<br \/>\nN\u00edvel de ru\u00eddo Lc IEC 44 dB<br \/>\nAprova\u00e7\u00e3o regulamentar<br \/>\nSeguran\u00e7a IEC\/EN 62040-1, IEC\/EN 62040-2<br \/>\nilumina\u00e7\u00e3o\/alarmes<br \/>\nVisor com LED duplo<br \/>\nBattery<br \/>\nTipo de bateria VRLA 12V\/9 Ah<br \/>\nBaterias hot-swap<br \/>\nTempo de backup (meia carga) 26 min<br \/>\nTempo de backup (meia m\u00e1xima)) 11 min<br \/>\nOther features<br \/>\nCompatibilidade 9130i2000T-XL<br \/>\nPerformance<br \/>\nUPS topology Online (Double Conversion)  <\/p>\n","protected":false},"excerpt":{"rendered":"<p>Detalhes t\u00e9cnicos Estrutura Torre Monitores Display LCD Conectividade Quantidade de portas USB 2.0 1 Quantidade de sa\u00eddas AC 9 Ficha C14 coupler Porta RS-232 1 Tipos de AC outlet C13 coupler, C19 coupler Pesos e dimens\u00f5es Peso do produto 34.5 kg Altura da Unidade 325 mm Largura do produto 214 mm Profundidade da Unidade 410 [&hellip;]<\/p>\n","protected":false},"featured_media":6251,"template":"","meta":[],"product_cat":[75],"product_tag":[],"_links":{"self":[{"href":"https:\/\/simoffice.pt\/index.php\/wp-json\/wp\/v2\/product\/6250"}],"collection":[{"href":"https:\/\/simoffice.pt\/index.php\/wp-json\/wp\/v2\/product"}],"about":[{"href":"https:\/\/simoffice.pt\/index.php\/wp-json\/wp\/v2\/types\/product"}],"wp:featuredmedia":[{"embeddable":true,"href":"https:\/\/simoffice.pt\/index.php\/wp-json\/wp\/v2\/media\/6251"}],"wp:attachment":[{"href":"https:\/\/simoffice.pt\/index.php\/wp-json\/wp\/v2\/media?parent=6250"}],"wp:term":[{"taxonomy":"product_cat","embeddable":true,"href":"https:\/\/simoffice.pt\/index.php\/wp-json\/wp\/v2\/product_cat?post=6250"},{"taxonomy":"product_tag","embeddable":true,"href":"https:\/\/simoffice.pt\/index.php\/wp-json\/wp\/v2\/product_tag?post=6250"}],"curies":[{"name":"wp","href":"https:\/\/api.w.org\/{rel}","templated":true}]}}