{"id":6230,"date":"2022-07-04T15:59:20","date_gmt":"2022-07-04T15:59:20","guid":{"rendered":"https:\/\/simoffice.pt\/index.php\/product\/kingston-pen-drive-128gb-datatraveler-100-usb\/"},"modified":"2022-07-04T15:59:26","modified_gmt":"2022-07-04T15:59:26","slug":"kingston-pen-drive-128gb-datatraveler-100-usb","status":"publish","type":"product","link":"https:\/\/simoffice.pt\/index.php\/product\/kingston-pen-drive-128gb-datatraveler-100-usb\/","title":{"rendered":"Kingston Pen Drive 128GB DataTraveler 100 USB"},"content":{"rendered":"<p>Pesos e dimens\u00f5es<br \/>\nLargura do produto 60 mm<br \/>\nProfundidade da Unidade 10 mm<br \/>\nAltura da Unidade 21,2 mm<br \/>\nCondi\u00e7\u00f5es ambientais<br \/>\nTemperatura ambiente 0 &#8211; 60 \u00b0C<br \/>\nLimite de temperaturas (armazenamento) -20 &#8211; 85 \u00b0C<br \/>\nEmbalagem<br \/>\nQuantidade 1<br \/>\nTipo de embalagem Pl\u00e1stico de bolhas<br \/>\nDesign<br \/>\nCor da caixa Preto<br \/>\nFator de forma Tampa<br \/>\nDesempenho<br \/>\nCapacidade 128 GB<br \/>\nVelocidade de leitura, suporte 100 MB\/s<br \/>\nVelocidade de escrita 10 MB\/s<br \/>\nVers\u00e3o USB USB 3.0 (3.1 Gen 1)<br \/>\nOutro sistema operativo suportado Cromo<br \/>\nSistema operativo Windows suportado Windows 7 Enterprise,Windows 8,Windows Vista Home Premium,Windows 10 Education,Windows 7 Enterprise x64,Windows 8 Enterprise,Windows Vista Home Premium x64,Windows 10 Education x64,Windows 7 Home Basic,Windows 8 Enterprise x64,Windows Vista Ultimate,Windows 10 Enterprise,Windows 7 Home Basic x64,Windows 8 Pro,Windows Vista Ultimate x64,Windows 10 Enterprise x64,Windows 7 Home Premium,Windows 8 Pro x64,Windows 10 Home,Windows 7 Home Premium x64,Windows 8 x64,Windows 10 Home x64,Windows 7 Profe&#8230;<br \/>\nSistema operativo Mac suportado Mac OS X 10.8 Mountain Lion,Mac OS X 10.9 Mavericks,Mac OS X 10.10 Yosemite<br \/>\nSistema operativo Linux suportado<br \/>\nConetor USB Type-A <\/p>\n","protected":false},"excerpt":{"rendered":"<p>Pesos e dimens\u00f5es Largura do produto 60 mm Profundidade da Unidade 10 mm Altura da Unidade 21,2 mm Condi\u00e7\u00f5es ambientais Temperatura ambiente 0 &#8211; 60 \u00b0C Limite de temperaturas (armazenamento) -20 &#8211; 85 \u00b0C Embalagem Quantidade 1 Tipo de embalagem Pl\u00e1stico de bolhas Design Cor da caixa Preto Fator de forma Tampa Desempenho Capacidade 128 [&hellip;]<\/p>\n","protected":false},"featured_media":6231,"template":"","meta":[],"product_cat":[75],"product_tag":[],"_links":{"self":[{"href":"https:\/\/simoffice.pt\/index.php\/wp-json\/wp\/v2\/product\/6230"}],"collection":[{"href":"https:\/\/simoffice.pt\/index.php\/wp-json\/wp\/v2\/product"}],"about":[{"href":"https:\/\/simoffice.pt\/index.php\/wp-json\/wp\/v2\/types\/product"}],"wp:featuredmedia":[{"embeddable":true,"href":"https:\/\/simoffice.pt\/index.php\/wp-json\/wp\/v2\/media\/6231"}],"wp:attachment":[{"href":"https:\/\/simoffice.pt\/index.php\/wp-json\/wp\/v2\/media?parent=6230"}],"wp:term":[{"taxonomy":"product_cat","embeddable":true,"href":"https:\/\/simoffice.pt\/index.php\/wp-json\/wp\/v2\/product_cat?post=6230"},{"taxonomy":"product_tag","embeddable":true,"href":"https:\/\/simoffice.pt\/index.php\/wp-json\/wp\/v2\/product_tag?post=6230"}],"curies":[{"name":"wp","href":"https:\/\/api.w.org\/{rel}","templated":true}]}}