{"id":6219,"date":"2022-07-04T15:58:46","date_gmt":"2022-07-04T15:58:46","guid":{"rendered":"https:\/\/simoffice.pt\/index.php\/product\/esferografica-ball-point-tratto-preto-cx-50un\/"},"modified":"2022-07-04T15:58:52","modified_gmt":"2022-07-04T15:58:52","slug":"esferografica-ball-point-tratto-preto-cx-50un","status":"publish","type":"product","link":"https:\/\/simoffice.pt\/index.php\/product\/esferografica-ball-point-tratto-preto-cx-50un\/","title":{"rendered":"Esferografica Ball Point Tratto Preto Cx 50un"},"content":{"rendered":"<p>Escrita m\u00e9dia. Corpo transparente que permite ver o n\u00edvel da tinta. Tampa e bot\u00e3o da cor da tinta.<\/p>\n","protected":false},"excerpt":{"rendered":"<p>Escrita m\u00e9dia. Corpo transparente que permite ver o n\u00edvel da tinta. Tampa e bot\u00e3o da cor da tinta.<\/p>\n","protected":false},"featured_media":6220,"template":"","meta":[],"product_cat":[74],"product_tag":[],"_links":{"self":[{"href":"https:\/\/simoffice.pt\/index.php\/wp-json\/wp\/v2\/product\/6219"}],"collection":[{"href":"https:\/\/simoffice.pt\/index.php\/wp-json\/wp\/v2\/product"}],"about":[{"href":"https:\/\/simoffice.pt\/index.php\/wp-json\/wp\/v2\/types\/product"}],"wp:featuredmedia":[{"embeddable":true,"href":"https:\/\/simoffice.pt\/index.php\/wp-json\/wp\/v2\/media\/6220"}],"wp:attachment":[{"href":"https:\/\/simoffice.pt\/index.php\/wp-json\/wp\/v2\/media?parent=6219"}],"wp:term":[{"taxonomy":"product_cat","embeddable":true,"href":"https:\/\/simoffice.pt\/index.php\/wp-json\/wp\/v2\/product_cat?post=6219"},{"taxonomy":"product_tag","embeddable":true,"href":"https:\/\/simoffice.pt\/index.php\/wp-json\/wp\/v2\/product_tag?post=6219"}],"curies":[{"name":"wp","href":"https:\/\/api.w.org\/{rel}","templated":true}]}}