{"id":6211,"date":"2022-07-04T15:58:23","date_gmt":"2022-07-04T15:58:23","guid":{"rendered":"https:\/\/simoffice.pt\/index.php\/product\/marcador-grosso-edding-3000-preto-cx-10un\/"},"modified":"2022-07-04T15:58:28","modified_gmt":"2022-07-04T15:58:28","slug":"marcador-grosso-edding-3000-preto-cx-10un","status":"publish","type":"product","link":"https:\/\/simoffice.pt\/index.php\/product\/marcador-grosso-edding-3000-preto-cx-10un\/","title":{"rendered":"Marcador Grosso Edding 3000 Preto Cx 10un"},"content":{"rendered":"<p>Com ponta redonda recarreg\u00e1vel.<br \/>\nTinta sem tolueno e xileno, indicada para quase todas as superf\u00edcies (material sint\u00e9tico, metal e vidro) para desenho, pintura e escrita.<br \/>\nSecagem r\u00e1pida, elevada resist\u00eancia \u00e0 \u00e1gua. <\/p>\n","protected":false},"excerpt":{"rendered":"<p>Com ponta redonda recarreg\u00e1vel. Tinta sem tolueno e xileno, indicada para quase todas as superf\u00edcies (material sint\u00e9tico, metal e vidro) para desenho, pintura e escrita. Secagem r\u00e1pida, elevada resist\u00eancia \u00e0 \u00e1gua.<\/p>\n","protected":false},"featured_media":6212,"template":"","meta":[],"product_cat":[74],"product_tag":[],"_links":{"self":[{"href":"https:\/\/simoffice.pt\/index.php\/wp-json\/wp\/v2\/product\/6211"}],"collection":[{"href":"https:\/\/simoffice.pt\/index.php\/wp-json\/wp\/v2\/product"}],"about":[{"href":"https:\/\/simoffice.pt\/index.php\/wp-json\/wp\/v2\/types\/product"}],"wp:featuredmedia":[{"embeddable":true,"href":"https:\/\/simoffice.pt\/index.php\/wp-json\/wp\/v2\/media\/6212"}],"wp:attachment":[{"href":"https:\/\/simoffice.pt\/index.php\/wp-json\/wp\/v2\/media?parent=6211"}],"wp:term":[{"taxonomy":"product_cat","embeddable":true,"href":"https:\/\/simoffice.pt\/index.php\/wp-json\/wp\/v2\/product_cat?post=6211"},{"taxonomy":"product_tag","embeddable":true,"href":"https:\/\/simoffice.pt\/index.php\/wp-json\/wp\/v2\/product_tag?post=6211"}],"curies":[{"name":"wp","href":"https:\/\/api.w.org\/{rel}","templated":true}]}}