{"id":6209,"date":"2022-07-04T15:58:19","date_gmt":"2022-07-04T15:58:19","guid":{"rendered":"https:\/\/simoffice.pt\/index.php\/product\/cabo-hdmi-1-4-tipo-aa-m-m-2mts\/"},"modified":"2022-07-04T15:58:24","modified_gmt":"2022-07-04T15:58:24","slug":"cabo-hdmi-1-4-tipo-aa-m-m-2mts","status":"publish","type":"product","link":"https:\/\/simoffice.pt\/index.php\/product\/cabo-hdmi-1-4-tipo-aa-m-m-2mts\/","title":{"rendered":"Cabo HDMI 1.4 tipo A&gt;A M\/M 2Mts"},"content":{"rendered":"<p>Transmiss\u00e3o Audio, Video e dados Ethernet<br \/>\nCondutor OFC para uma transfer\u00eancia de sinal \u00f3ptima<br \/>\nContactos banhados a ouro<br \/>\nSuporta resolu\u00e7\u00f5es at\u00e9 2160P<br \/>\nVelocidade de Transfer\u00eancia de 8.16 Gbit\/s<\/p>\n","protected":false},"excerpt":{"rendered":"<p>Transmiss\u00e3o Audio, Video e dados Ethernet Condutor OFC para uma transfer\u00eancia de sinal \u00f3ptima Contactos banhados a ouro Suporta resolu\u00e7\u00f5es at\u00e9 2160P Velocidade de Transfer\u00eancia de 8.16 Gbit\/s<\/p>\n","protected":false},"featured_media":6210,"template":"","meta":[],"product_cat":[75],"product_tag":[],"_links":{"self":[{"href":"https:\/\/simoffice.pt\/index.php\/wp-json\/wp\/v2\/product\/6209"}],"collection":[{"href":"https:\/\/simoffice.pt\/index.php\/wp-json\/wp\/v2\/product"}],"about":[{"href":"https:\/\/simoffice.pt\/index.php\/wp-json\/wp\/v2\/types\/product"}],"wp:featuredmedia":[{"embeddable":true,"href":"https:\/\/simoffice.pt\/index.php\/wp-json\/wp\/v2\/media\/6210"}],"wp:attachment":[{"href":"https:\/\/simoffice.pt\/index.php\/wp-json\/wp\/v2\/media?parent=6209"}],"wp:term":[{"taxonomy":"product_cat","embeddable":true,"href":"https:\/\/simoffice.pt\/index.php\/wp-json\/wp\/v2\/product_cat?post=6209"},{"taxonomy":"product_tag","embeddable":true,"href":"https:\/\/simoffice.pt\/index.php\/wp-json\/wp\/v2\/product_tag?post=6209"}],"curies":[{"name":"wp","href":"https:\/\/api.w.org\/{rel}","templated":true}]}}