{"id":6186,"date":"2022-07-04T15:57:06","date_gmt":"2022-07-04T15:57:06","guid":{"rendered":"https:\/\/simoffice.pt\/index.php\/product\/unyka-keyboard-smart-card-usb-sck-818-ap-black\/"},"modified":"2022-07-04T15:57:12","modified_gmt":"2022-07-04T15:57:12","slug":"unyka-keyboard-smart-card-usb-sck-818-ap-black","status":"publish","type":"product","link":"https:\/\/simoffice.pt\/index.php\/product\/unyka-keyboard-smart-card-usb-sck-818-ap-black\/","title":{"rendered":"Unyka Keyboard Smart Card USB SCK 818 AP BLACK"},"content":{"rendered":"<p>O teclado SCK-818, incorpora um leitor de cart\u00f5es tipo PC\/SC 2,0, que permite ler os dados de cart\u00f5es banc\u00e1rios e eletr\u00f3nicos; 105 teclas (12 teclas multim\u00e9dia); Dimens\u00f5es 450 x 140 x 47 mm; USB 2.0<\/p>\n","protected":false},"excerpt":{"rendered":"<p>O teclado SCK-818, incorpora um leitor de cart\u00f5es tipo PC\/SC 2,0, que permite ler os dados de cart\u00f5es banc\u00e1rios e eletr\u00f3nicos; 105 teclas (12 teclas multim\u00e9dia); Dimens\u00f5es 450 x 140 x 47 mm; USB 2.0<\/p>\n","protected":false},"featured_media":6187,"template":"","meta":[],"product_cat":[75],"product_tag":[],"_links":{"self":[{"href":"https:\/\/simoffice.pt\/index.php\/wp-json\/wp\/v2\/product\/6186"}],"collection":[{"href":"https:\/\/simoffice.pt\/index.php\/wp-json\/wp\/v2\/product"}],"about":[{"href":"https:\/\/simoffice.pt\/index.php\/wp-json\/wp\/v2\/types\/product"}],"wp:featuredmedia":[{"embeddable":true,"href":"https:\/\/simoffice.pt\/index.php\/wp-json\/wp\/v2\/media\/6187"}],"wp:attachment":[{"href":"https:\/\/simoffice.pt\/index.php\/wp-json\/wp\/v2\/media?parent=6186"}],"wp:term":[{"taxonomy":"product_cat","embeddable":true,"href":"https:\/\/simoffice.pt\/index.php\/wp-json\/wp\/v2\/product_cat?post=6186"},{"taxonomy":"product_tag","embeddable":true,"href":"https:\/\/simoffice.pt\/index.php\/wp-json\/wp\/v2\/product_tag?post=6186"}],"curies":[{"name":"wp","href":"https:\/\/api.w.org\/{rel}","templated":true}]}}