{"id":6167,"date":"2022-07-04T15:56:07","date_gmt":"2022-07-04T15:56:07","guid":{"rendered":"https:\/\/simoffice.pt\/index.php\/product\/quadro-branco-90x120cm-melamina-magnetico-ma0506170\/"},"modified":"2022-07-04T15:56:13","modified_gmt":"2022-07-04T15:56:13","slug":"quadro-branco-90x120cm-melamina-magnetico-ma0506170","status":"publish","type":"product","link":"https:\/\/simoffice.pt\/index.php\/product\/quadro-branco-90x120cm-melamina-magnetico-ma0506170\/","title":{"rendered":"Quadro Branco 90X120cm Melamina Magnetico (MA0506170)"},"content":{"rendered":"<p>* inclue base para apagador e marcador.<\/p>\n<p>Quadro escolar magn\u00e9tico para escrita com marcador, com uma face em melamina, porcelana, cer\u00e2mica ou vidro, para fixa\u00e7\u00e3o \u00e0 parede. Pode facilmente colocar o apagador no quadro uma vez que o mesmo fica preso devido ao \u00edman.<\/p>\n","protected":false},"excerpt":{"rendered":"<p>* inclue base para apagador e marcador. Quadro escolar magn\u00e9tico para escrita com marcador, com uma face em melamina, porcelana, cer\u00e2mica ou vidro, para fixa\u00e7\u00e3o \u00e0 parede. Pode facilmente colocar o apagador no quadro uma vez que o mesmo fica preso devido ao \u00edman.<\/p>\n","protected":false},"featured_media":6168,"template":"","meta":[],"product_cat":[76],"product_tag":[],"_links":{"self":[{"href":"https:\/\/simoffice.pt\/index.php\/wp-json\/wp\/v2\/product\/6167"}],"collection":[{"href":"https:\/\/simoffice.pt\/index.php\/wp-json\/wp\/v2\/product"}],"about":[{"href":"https:\/\/simoffice.pt\/index.php\/wp-json\/wp\/v2\/types\/product"}],"wp:featuredmedia":[{"embeddable":true,"href":"https:\/\/simoffice.pt\/index.php\/wp-json\/wp\/v2\/media\/6168"}],"wp:attachment":[{"href":"https:\/\/simoffice.pt\/index.php\/wp-json\/wp\/v2\/media?parent=6167"}],"wp:term":[{"taxonomy":"product_cat","embeddable":true,"href":"https:\/\/simoffice.pt\/index.php\/wp-json\/wp\/v2\/product_cat?post=6167"},{"taxonomy":"product_tag","embeddable":true,"href":"https:\/\/simoffice.pt\/index.php\/wp-json\/wp\/v2\/product_tag?post=6167"}],"curies":[{"name":"wp","href":"https:\/\/api.w.org\/{rel}","templated":true}]}}