{"id":6165,"date":"2022-07-04T15:56:03","date_gmt":"2022-07-04T15:56:03","guid":{"rendered":"https:\/\/simoffice.pt\/index.php\/product\/canon-camaras-fotografica-digitalreflex-eos-4000deos-4000d-18-55-dc-sensor-aps-c-de-18mp-ecra-lcd-2-7-wifi\/"},"modified":"2022-07-04T15:56:09","modified_gmt":"2022-07-04T15:56:09","slug":"canon-camaras-fotografica-digitalreflex-eos-4000deos-4000d-18-55-dc-sensor-aps-c-de-18mp-ecra-lcd-2-7-wifi","status":"publish","type":"product","link":"https:\/\/simoffice.pt\/index.php\/product\/canon-camaras-fotografica-digitalreflex-eos-4000deos-4000d-18-55-dc-sensor-aps-c-de-18mp-ecra-lcd-2-7-wifi\/","title":{"rendered":"Canon Camaras Fotografica DigitalReflex EOS &#8211; 4000DEOS 4000D 18-55 DC &#8211; Sensor APS-C de 18MP, Ecr\u00e3 LCD 2.7&#8243;, Wifi"},"content":{"rendered":"<p>nforma\u00e7\u00e3o detalhada<br \/>\nN\u00famero de pixels Pixels Efetivos: Approx. 18 Mpx<br \/>\nSensor<br \/>\nAPS-C, 18 megapixel CMOS<br \/>\nType : Approx. 22.3 mm x 14.9 mm<br \/>\nRela\u00e7\u00e3o de Aspeto: 3:2<br \/>\nLow-Pass Filter : Built-in\/Fixed<br \/>\nObjectiva 18 &#8211; 55 mm IS EGP<br \/>\nZoom combinado Reprodu\u00e7\u00e3o: 1,5x &#8211; 10x em 15 passos<br \/>\nDist\u00e2ncia focal Equivalente a 1,6x da dist\u00e2ncia focal da objetiva<br \/>\nVelocidade do obturador O intervalo dispon\u00edvel varia conforme o modo de disparo)<br \/>\nMonitor LCD LCD TFT de 6,8 cm (2,7&#8243;) c Cobertura de Aprox. 100%<br \/>\nAlcance do Flash at\u00e9 uma dist\u00e2ncia focal de 17 mm (equivalente a 35 mm: 28 mm)<br \/>\nModos do flash Auto, Flash Manual Ligado\/Desligado<br \/>\nTempo de carga do flash Approx. 2 seconds<br \/>\nCaptura de video Dura\u00e7\u00e3o m\u00e1xima de 29 min. e 59 seg., tamanho m\u00e1ximo do ficheiro de 4 GB<br \/>\nSensibilidade ISO AUTO (100-6400), 100-6400 em incrementos de 1 ponto, pode ser expandido para H: 12800 1<br \/>\nBalan\u00e7o de brancos<br \/>\nTipo : Equil\u00edbrio de brancos autom\u00e1tico com o sensor de imagem<br \/>\nSettings : AWB (Ambience &amp; White priority), Daylight, Shade, Cloudy, Tungsten, White Fluorescent light, Flash, Custom.<br \/>\nWhite balance compensation : 1. Blue\/Amber +\/-9 &#8211; 2. Magenta\/ Green +\/-9.<br \/>\nControlo da exposi\u00e7\u00e3o<br \/>\nAF Point Selection : Automatic selection, Manual selection<br \/>\nMetering Range : EV 1-20<br \/>\nAE Lock : Auto: In 1-shot AF mode with evaluative metering exposure is locked when focus is achieved \/ Manual: By AE lock button in creative zone modes<br \/>\nExposure Compensation : +\/-5 EV in 1\/3 or 1\/2 stop increments (can be combined with AEB)<br \/>\nISO Sensitivity : AUTO (100-6400), 100-6400 in 1-stop increments &#8211; Up to 12800 \/ During Movie shooting : Auto (100-6400), 100-6400 (Whole stop increments)<br \/>\nDisparo Scene Intelligent Auto, No Flash, Creative Auto, Portrait, Landscape, Close-up, Sports, Food, Night Portrait, Movie, Program AE , Shutter priority AE, Aperture priority AE, Manual<br \/>\nModos de Disparo Auto, Standard, Portrait, Landscape, Neutral, Faithful, Monochrome, User Defined (x3),Max. Approx. 3fps for approx. 1110 JPEG images\u00b9, 6 images RAW\u00b2 \u00b3<br \/>\nImpress\u00e3o directa Canon Compact Photo Printers and PIXMA Printers supporting PictBridge<br \/>\nProcessador de imagem DIGIC 4+<br \/>\nEncaixe EF\/EF-S<br \/>\nInterface Hi-Speed USB, Sa\u00edda mini-HDMI (tipo C)<br \/>\nAlimenta\u00e7\u00e3o 1 bateria de i\u00f5es de l\u00edtio recarreg\u00e1vel LP-E10<br \/>\nAutonomia Aprox. 500 h<br \/>\nSist. Operativos Suportados Windows 10 \/ 8.1 \/ 8 \/ 7* * With Microsoft .NET Framework 4.5 is installed. Mac OS X 10.10, 10.11, 10.12 10.13<br \/>\nSoftware inclu\u00eddo Digital Photo Professional (processamento de imagem RAW)<br \/>\nFormato de ficheiro Imagem : JPEG: Fine, Normal (Exif 2.30 compliant) \/ Design rule for Camera File system (2.0), RAW: RAW (14bit, Canon original RAW 2nd edition), Digital Print Order Format [DPOF] Version 1.1 compliant<br \/>\nOutras caracter\u00edsticas<br \/>\nViewfinder : Pentamirror<br \/>\nDioptre Correction : -2.5 to +0.5 m\u207b\u00b9 (dioptre)<br \/>\nMirror : Quick-return half mirror<br \/>\nBuilt-in Wi-Fi transmission<br \/>\nConnectivity to Smart devices is possible with Android version 4.0-4.4\/5.0-5.1 or iOS 7.1\/8-8.3.<br \/>\nNFC connectivity is possible only with compatible Android devices.<br \/>\nC\u00f4r Black<br \/>\nResolu\u00e7\u00e3o<br \/>\nResolu\u00e7\u00e3o de V\u00eddeo<br \/>\n1920 x 1080 (30, 25, 24 fps)<br \/>\n1280 x 720 (60, 50 fps)<br \/>\n640 x 480 (30, 25 fps)<br \/>\nResolu\u00e7\u00e3o de Fotografia<br \/>\nJPEG 3:2 : (L) 5184&#215;3456, (M) 3456&#215;2304, (S1) 2592&#215;1728, (S2) 1920&#215;1280, (S3) 720&#215;480<br \/>\nJPEG 4:3: (L) 4608&#215;3456, (M) 3072&#215;2304, (S1) 2304&#215;1728, (S2) 1696&#215;1280, (S3) 640&#215;480<br \/>\nJPEG 16:9: (L) 5184&#215;2912, (M) 3456&#215;1944, (S1) 2592&#215;1456 (S2) 1920&#215;1080, (S3) 720&#215;400<br \/>\nJPEG 1:1: (L) 3456&#215;3456, (M) 2304&#215;2304, (S1) 1728&#215;1728, (S2) 1280&#215;1280, (S3) 480&#215;480 RAW: (RAW) 5184&#215;3456<br \/>\nDados Log\u00edsticos<br \/>\nDimens\u00f5es 129,0 x 101,6 x 77,1 mm mm<br \/>\nPeso 436 gr<br \/>\nEAN 4549292116571<br \/>\nOpcionais<br \/>\nEstojos Semi Hard Case EH26-L, EH27-L<br \/>\nCart\u00f5es de Mem\u00f3ria Cart\u00e3o SD, Cart\u00e3o SDHC ou cart\u00e3o SDXC<br \/>\nOutros acess\u00f3rios Canon Speedlites (270EX II, 430EX III-RT, 600EX II-RT, flash anelar Macro Lite MR-14EX II, Macro Twin Lite MT-26EX-RT, transmissor Speedlite ST-E2, transmissor Speedlite ST-E3-RT) 12 <\/p>\n","protected":false},"excerpt":{"rendered":"<p>nforma\u00e7\u00e3o detalhada N\u00famero de pixels Pixels Efetivos: Approx. 18 Mpx Sensor APS-C, 18 megapixel CMOS Type : Approx. 22.3 mm x 14.9 mm Rela\u00e7\u00e3o de Aspeto: 3:2 Low-Pass Filter : Built-in\/Fixed Objectiva 18 &#8211; 55 mm IS EGP Zoom combinado Reprodu\u00e7\u00e3o: 1,5x &#8211; 10x em 15 passos Dist\u00e2ncia focal Equivalente a 1,6x da dist\u00e2ncia focal [&hellip;]<\/p>\n","protected":false},"featured_media":6166,"template":"","meta":[],"product_cat":[77],"product_tag":[],"_links":{"self":[{"href":"https:\/\/simoffice.pt\/index.php\/wp-json\/wp\/v2\/product\/6165"}],"collection":[{"href":"https:\/\/simoffice.pt\/index.php\/wp-json\/wp\/v2\/product"}],"about":[{"href":"https:\/\/simoffice.pt\/index.php\/wp-json\/wp\/v2\/types\/product"}],"wp:featuredmedia":[{"embeddable":true,"href":"https:\/\/simoffice.pt\/index.php\/wp-json\/wp\/v2\/media\/6166"}],"wp:attachment":[{"href":"https:\/\/simoffice.pt\/index.php\/wp-json\/wp\/v2\/media?parent=6165"}],"wp:term":[{"taxonomy":"product_cat","embeddable":true,"href":"https:\/\/simoffice.pt\/index.php\/wp-json\/wp\/v2\/product_cat?post=6165"},{"taxonomy":"product_tag","embeddable":true,"href":"https:\/\/simoffice.pt\/index.php\/wp-json\/wp\/v2\/product_tag?post=6165"}],"curies":[{"name":"wp","href":"https:\/\/api.w.org\/{rel}","templated":true}]}}