{"id":6156,"date":"2022-07-04T15:55:38","date_gmt":"2022-07-04T15:55:38","guid":{"rendered":"https:\/\/simoffice.pt\/index.php\/product\/lg-videoprojector-led-pf1500g-full-hd-1400-lumens\/"},"modified":"2022-07-04T15:55:44","modified_gmt":"2022-07-04T15:55:44","slug":"lg-videoprojector-led-pf1500g-full-hd-1400-lumens","status":"publish","type":"product","link":"https:\/\/simoffice.pt\/index.php\/product\/lg-videoprojector-led-pf1500g-full-hd-1400-lumens\/","title":{"rendered":"LG Videoprojector LED PF1500G Full HD 1400 Lumens"},"content":{"rendered":"<p>Projector Tecnologia LED &#8211; Ru\u00eddo &lt; 21 db &#8211; Colunas 3W + 3W Stereo Dura\u00e7\u00e3o LED 30.000h 2 HDMI 1 USB 1 VGA 1 AV IN 1 Component IN 1 Audio Out 1 Optical &#8211; MPEG, JPEG, MPEG4, DIV X, Excel, Power Point, ; MHL, Miracast, Screen Share<\/p>\n","protected":false},"excerpt":{"rendered":"<p>Projector Tecnologia LED &#8211; Ru\u00eddo &lt; 21 db &#8211; Colunas 3W + 3W Stereo Dura\u00e7\u00e3o LED 30.000h 2 HDMI 1 USB 1 VGA 1 AV IN 1 Component IN 1 Audio Out 1 Optical &#8211; MPEG, JPEG, MPEG4, DIV X, Excel, Power Point, ; MHL, Miracast, Screen Share<\/p>\n","protected":false},"featured_media":6157,"template":"","meta":[],"product_cat":[76],"product_tag":[],"_links":{"self":[{"href":"https:\/\/simoffice.pt\/index.php\/wp-json\/wp\/v2\/product\/6156"}],"collection":[{"href":"https:\/\/simoffice.pt\/index.php\/wp-json\/wp\/v2\/product"}],"about":[{"href":"https:\/\/simoffice.pt\/index.php\/wp-json\/wp\/v2\/types\/product"}],"wp:featuredmedia":[{"embeddable":true,"href":"https:\/\/simoffice.pt\/index.php\/wp-json\/wp\/v2\/media\/6157"}],"wp:attachment":[{"href":"https:\/\/simoffice.pt\/index.php\/wp-json\/wp\/v2\/media?parent=6156"}],"wp:term":[{"taxonomy":"product_cat","embeddable":true,"href":"https:\/\/simoffice.pt\/index.php\/wp-json\/wp\/v2\/product_cat?post=6156"},{"taxonomy":"product_tag","embeddable":true,"href":"https:\/\/simoffice.pt\/index.php\/wp-json\/wp\/v2\/product_tag?post=6156"}],"curies":[{"name":"wp","href":"https:\/\/api.w.org\/{rel}","templated":true}]}}