{"id":6117,"date":"2022-07-04T15:53:43","date_gmt":"2022-07-04T15:53:43","guid":{"rendered":"https:\/\/simoffice.pt\/index.php\/product\/velleman-relogio-de-parede-em-aluminio-com-lcd-35-cm\/"},"modified":"2022-07-04T15:53:49","modified_gmt":"2022-07-04T15:53:49","slug":"velleman-relogio-de-parede-em-aluminio-com-lcd-35-cm","status":"publish","type":"product","link":"https:\/\/simoffice.pt\/index.php\/product\/velleman-relogio-de-parede-em-aluminio-com-lcd-35-cm\/","title":{"rendered":"Velleman Relogio de parede em aluminio com LCD 35 cm"},"content":{"rendered":"<p>Caracter\u00edsticas<\/p>\n<p>Carca\u00e7a de alum\u00ednio<br \/>\nterm\u00f3metro<br \/>\nhigr\u00f3metro<br \/>\n\u00edcones do tempo (simula\u00e7\u00e3o): ensolarado (sol), tempo nublado (sol + nuvem), chuvoso (nuvem + chuva)<br \/>\nespecifica\u00e7\u00f5es<\/p>\n<p>Dimens\u00f5es: \u00d8 35,5 x 4,2 cent\u00edmetros<br \/>\nMaterial: alum\u00ednio<br \/>\nPeso: 1000 g<br \/>\nbateria:<br \/>\nrel\u00f3gio: 1 x 1.5 V LR6C AA (n\u00e3o incl.)<br \/>\nLCD: 1 x 1.5 V LR03C AAA (n\u00e3o incl.)<br \/>\nterm\u00f3metro: -10 \u00b0 C a 60 \u00b0 C \u00b1 1 \u00b0 C<br \/>\nhigr\u00f3metro: 20 &#8211; 90% RH \u00b1 5%<\/p>\n<p>Informa\u00e7\u00f5es Embalagem<\/p>\n<p>Tipo de embalagem: Box (caixa)<\/p>\n","protected":false},"excerpt":{"rendered":"<p>Caracter\u00edsticas Carca\u00e7a de alum\u00ednio term\u00f3metro higr\u00f3metro \u00edcones do tempo (simula\u00e7\u00e3o): ensolarado (sol), tempo nublado (sol + nuvem), chuvoso (nuvem + chuva) especifica\u00e7\u00f5es Dimens\u00f5es: \u00d8 35,5 x 4,2 cent\u00edmetros Material: alum\u00ednio Peso: 1000 g bateria: rel\u00f3gio: 1 x 1.5 V LR6C AA (n\u00e3o incl.) LCD: 1 x 1.5 V LR03C AAA (n\u00e3o incl.) term\u00f3metro: -10 \u00b0 [&hellip;]<\/p>\n","protected":false},"featured_media":6118,"template":"","meta":[],"product_cat":[76],"product_tag":[],"_links":{"self":[{"href":"https:\/\/simoffice.pt\/index.php\/wp-json\/wp\/v2\/product\/6117"}],"collection":[{"href":"https:\/\/simoffice.pt\/index.php\/wp-json\/wp\/v2\/product"}],"about":[{"href":"https:\/\/simoffice.pt\/index.php\/wp-json\/wp\/v2\/types\/product"}],"wp:featuredmedia":[{"embeddable":true,"href":"https:\/\/simoffice.pt\/index.php\/wp-json\/wp\/v2\/media\/6118"}],"wp:attachment":[{"href":"https:\/\/simoffice.pt\/index.php\/wp-json\/wp\/v2\/media?parent=6117"}],"wp:term":[{"taxonomy":"product_cat","embeddable":true,"href":"https:\/\/simoffice.pt\/index.php\/wp-json\/wp\/v2\/product_cat?post=6117"},{"taxonomy":"product_tag","embeddable":true,"href":"https:\/\/simoffice.pt\/index.php\/wp-json\/wp\/v2\/product_tag?post=6117"}],"curies":[{"name":"wp","href":"https:\/\/api.w.org\/{rel}","templated":true}]}}